{"id":395,"date":"2017-02-13T15:58:16","date_gmt":"2017-02-13T15:58:16","guid":{"rendered":"http:\/\/www.odontologiacampistol.com\/?page_id=395"},"modified":"2017-02-13T15:58:41","modified_gmt":"2017-02-13T15:58:41","slug":"avis-legal","status":"publish","type":"page","link":"https:\/\/www.odontologiacampistol.com\/es\/avis-legal\/","title":{"rendered":"Av\u00eds Legal"},"content":{"rendered":"[vc_row][vc_column][vc_column_text]\n<p class=\"p1\"><span class=\"s1\"><b>INFORMACI\u00d3N GENERAL PARA CUMPLIR LA LEY 34\/2002<\/b><\/span><\/p>\n<p class=\"p1\"><span class=\"s1\"><b>Raz\u00f3n Social:<\/b>\u00a0<\/span><span class=\"s2\">PERE CAMPISTOL PLANA<\/span><\/p>\n<p class=\"p3\"><span class=\"s3\"><b>NIF:<\/b>\u00a0<\/span><span class=\"s1\">40279906-Y<br \/>\n<\/span><\/p>\n<p class=\"p1\"><span class=\"s1\"><b>Domicilio Social:<\/b>\u00a0<\/span><span class=\"s2\">c\/ Barcelona, 47. Entl. 2<\/span><\/p>\n<p class=\"p1\"><span class=\"s1\"><b>Localidad:\u00a0<\/b><\/span><span class=\"s2\">GIRONA<\/span><\/p>\n<p class=\"p1\"><span class=\"s1\"><b>Provincia:<\/b>\u00a0<\/span><span class=\"s2\">GIRONA<\/span><\/p>\n<p class=\"p1\"><span class=\"s1\"><b>C.P.: <\/b><\/span><span class=\"s2\">17002<\/span><\/p>\n<p class=\"p1\"><span class=\"s1\"><b>Correo electr\u00f3nico: <\/b><\/span><span class=\"s2\">info@empresa.cat<\/span><\/p>\n<p class=\"p1\"><span class=\"s1\"><b>Propiedad intelectual e industrial<br \/>\n<\/b>Esta p\u00e1gina web es titularidad de <\/span><span class=\"s2\"><b>PERE CAMPISTOL PLANA<\/b><\/span><span class=\"s1\">\u00a0qui\u00e9n ostenta todos los derechos necesarios para su uso y explotaci\u00f3n. El acceso en esta p\u00e1gina o la utilizaci\u00f3n de sus contenidos no implica, en ning\u00fan caso, la cesi\u00f3n o licencia de derechos de propiedad intelectual e industrial. Quedan prohibidas la reproducci\u00f3n, la transformaci\u00f3n, la distribuci\u00f3n, la comunicaci\u00f3n p\u00fablica y cualquier otra forma de explotaci\u00f3n, para cualquier procedimiento, de todos o parte de los contenidos y\/o elementos integrantes de esta p\u00e1gina, salvo que se indique expresamente el contrario. Todo aquel quien atente contra los derechos de propiedad intelectual o industrial de\u00a0<b>PERE CAMPISTOL PLANA<\/b><\/span><span class=\"s1\">\u00a0ser\u00e1 responsable ante los Tribunales competentes.<\/span><\/p>\n<p class=\"p1\"><span class=\"s1\"><b>Protecci\u00f3n de\u00a0datos<br \/>\n<\/b>Cumpliendo con la Ley Org\u00e1nica 15\/1999, de 13 de diciembre, de Protecci\u00f3n de Datos de car\u00e1cter Personal, se informa que los datos de car\u00e1cter personal que se recogen a trav\u00e9s del web \u00fanicamente se utilizan a efectos de responder las consultas recibidas o de ofrecer los servicios solicitados. No se registran de manera permanente en ning\u00fan archivo de titularidad de <\/span><span class=\"s2\"><b>PERE CAMPISTOL PLANA<\/b><\/span><span class=\"s1\"> sin una comunicaci\u00f3n o consentimiento previo del titular de los datos. En ning\u00fan caso\u00a0<span class=\"s2\"><b>PERE CAMPISTOL PLANA<\/b><\/span><\/span><span class=\"s1\">\u00a0utilizar\u00e1 estos datos para la venta a terceras personas o empresas. Se entiende que el usuario acepta las condiciones establecidas.<\/span><\/p>\n[\/vc_column_text][\/vc_column][\/vc_row]\n","protected":false},"excerpt":{"rendered":"<p>[vc_row][vc_column][vc_column_text] INFORMACI\u00d3N GENERAL PARA CUMPLIR LA LEY 34\/2002 Raz\u00f3n Social:\u00a0PERE CAMPISTOL PLANA NIF:\u00a040279906-Y Domicilio Social:\u00a0c\/ Barcelona, 47. Entl. 2 Localidad:\u00a0GIRONA Provincia:\u00a0GIRONA C.P.: 17002 Correo electr\u00f3nico: info@empresa.cat Propiedad intelectual e industrial Esta p\u00e1gina web es titularidad de PERE CAMPISTOL PLANA\u00a0qui\u00e9n ostenta todos los derechos necesarios para su uso y explotaci\u00f3n. El acceso en esta p\u00e1gina o la utilizaci\u00f3n de sus contenidos no implica, en ning\u00fan caso, la cesi\u00f3n o licencia de derechos de propiedad intelectual e industrial. Quedan prohibidas la reproducci\u00f3n, la transformaci\u00f3n, la distribuci\u00f3n, la comunicaci\u00f3n p\u00fablica y cualquier otra forma de explotaci\u00f3n, para cualquier procedimiento, de todos o parte de los contenidos y\/o elementos integrantes de esta p\u00e1gina, salvo que se indique expresamente el contrario. Todo aquel quien atente contra los derechos de propiedad intelectual o industrial de\u00a0PERE CAMPISTOL PLANA\u00a0ser\u00e1 responsable ante los Tribunales competentes. Protecci\u00f3n de\u00a0datos Cumpliendo con la Ley Org\u00e1nica 15\/1999, de 13 de diciembre, de Protecci\u00f3n de Datos de car\u00e1cter Personal, se informa que los datos de car\u00e1cter personal que se recogen a trav\u00e9s del web \u00fanicamente se utilizan a efectos de responder las consultas recibidas o de ofrecer los servicios solicitados. No se registran de manera permanente en ning\u00fan archivo de titularidad de PERE CAMPISTOL PLANA sin una comunicaci\u00f3n o consentimiento previo del titular de los datos. En ning\u00fan caso\u00a0PERE CAMPISTOL PLANA\u00a0utilizar\u00e1 estos datos para la venta a terceras personas o empresas. Se entiende que el usuario acepta las condiciones establecidas. [\/vc_column_text][\/vc_column][\/vc_row]<\/p>\n","protected":false},"author":1,"featured_media":0,"parent":0,"menu_order":0,"comment_status":"closed","ping_status":"closed","template":"","meta":{"rs_blank_template":"","rs_page_bg_color":"","slide_template_v7":"","footnotes":""},"class_list":["post-395","page","type-page","status-publish","hentry","entry","post-inner"],"_links":{"self":[{"href":"https:\/\/www.odontologiacampistol.com\/es\/wp-json\/wp\/v2\/pages\/395","targetHints":{"allow":["GET"]}}],"collection":[{"href":"https:\/\/www.odontologiacampistol.com\/es\/wp-json\/wp\/v2\/pages"}],"about":[{"href":"https:\/\/www.odontologiacampistol.com\/es\/wp-json\/wp\/v2\/types\/page"}],"author":[{"embeddable":true,"href":"https:\/\/www.odontologiacampistol.com\/es\/wp-json\/wp\/v2\/users\/1"}],"replies":[{"embeddable":true,"href":"https:\/\/www.odontologiacampistol.com\/es\/wp-json\/wp\/v2\/comments?post=395"}],"version-history":[{"count":0,"href":"https:\/\/www.odontologiacampistol.com\/es\/wp-json\/wp\/v2\/pages\/395\/revisions"}],"wp:attachment":[{"href":"https:\/\/www.odontologiacampistol.com\/es\/wp-json\/wp\/v2\/media?parent=395"}],"curies":[{"name":"wp","href":"https:\/\/api.w.org\/{rel}","templated":true}]}}