{"id":1936,"date":"2026-04-28T11:06:32","date_gmt":"2026-04-28T09:06:32","guid":{"rendered":"https:\/\/www.odontologiacampistol.com\/?page_id=1936"},"modified":"2026-04-28T11:47:43","modified_gmt":"2026-04-28T09:47:43","slug":"cv-paula-toledano","status":"publish","type":"page","link":"https:\/\/www.odontologiacampistol.com\/es\/cv-paula-toledano\/","title":{"rendered":"CV Paula Toledano"},"content":{"rendered":"[vc_row][vc_column]<div class=\"ult-spacer spacer-69f0cd420d780\" data-id=\"69f0cd420d780\" data-height=\"50\" data-height-mobile=\"50\" data-height-tab=\"50\" data-height-tab-portrait=\"\" data-height-mobile-landscape=\"\" style=\"clear:both;display:block;\"><\/div>[\/vc_column][\/vc_row][vc_row css=\u00bb.vc_custom_1486120642191{margin-top: 0px !important;margin-right: 0px !important;margin-bottom: 10px !important;margin-left: 25px !important;border-left-width: 0px !important;padding-top: 0px !important;padding-right: 0px !important;border-left-color: #efefef !important;border-left-style: solid !important;}\u00bb][vc_column width=\u00bb1\/4&#8243; css=\u00bb.vc_custom_1486117478911{margin-right: 0px !important;padding-right: 0px !important;}\u00bb][vc_single_image image=\u00bb1940&#8243; img_size=\u00bbfull\u00bb alignment=\u00bbcenter\u00bb style=\u00bbvc_box_circle_2&#8243; css_animation=\u00bbfadeIn\u00bb css=\u00bb.vc_custom_1777362834480{margin-right: 50px !important;}\u00bb][\/vc_column][vc_column width=\u00bb3\/4&#8243; css=\u00bb.vc_custom_1486117486173{margin-top: 0px !important;margin-left: 0px !important;border-top-width: 0px !important;padding-top: 0px !important;padding-left: 0px !important;}\u00bb el_class=\u00bbingofons\u00bb][vc_row_inner css=\u00bb.vc_custom_1486119284873{margin-bottom: 0px !important;padding-bottom: 0px !important;background-color: #9d8972 !important;background-position: center !important;background-repeat: no-repeat !important;background-size: cover !important;}\u00bb][vc_column_inner css=\u00bb.vc_custom_1486120406324{margin-bottom: 0px !important;padding-top: 35px !important;padding-bottom: 25px !important;padding-left: 40px !important;}\u00bb]<div id=\"ultimate-heading-207269f0cd420d844\" class=\"uvc-heading ult-adjust-bottom-margin ultimate-heading-207269f0cd420d844 uvc-8735 \" data-hspacer=\"no_spacer\"  data-halign=\"left\" style=\"text-align:left\"><div class=\"uvc-heading-spacer no_spacer\" style=\"top\"><\/div><div class=\"uvc-main-heading ult-responsive\"  data-ultimate-target='.uvc-heading.ultimate-heading-207269f0cd420d844 h2'  data-responsive-json-new='{\"font-size\":\"desktop:20px;\",\"line-height\":\"\"}' ><h2 style=\"font-family:&#039;Prata&#039;;font-weight:bold;color:#ffffff;margin-top:30px;margin-bottom:5px;\">Odont\u00f3loga Paula Toledano Serrabona<\/h2><\/div><div class=\"uvc-sub-heading ult-responsive\"  data-ultimate-target='.uvc-heading.ultimate-heading-207269f0cd420d844 .uvc-sub-heading '  data-responsive-json-new='{\"font-size\":\"desktop:13px;\",\"line-height\":\"desktop:25px;\"}'  style=\"font-weight:normal;color:#ffffff;margin-bottom:20px;\">N\u00famero de colegiado 9050<\/div><\/div>[\/vc_column_inner][\/vc_row_inner][vc_row_inner css=\u00bb.vc_custom_1486119293879{margin-top: 0px !important;padding-top: 0px !important;padding-right: 0px !important;background-color: #f2f2f2 !important;background-position: center !important;background-repeat: no-repeat !important;background-size: contain !important;}\u00bb][vc_column_inner width=\u00bb1\/12&#8243;][\/vc_column_inner][vc_column_inner width=\u00bb5\/6&#8243; css=\u00bb.vc_custom_1486119412761{margin-top: 25px !important;}\u00bb]<div id=\"ultimate-heading-845769f0cd420d954\" class=\"uvc-heading ult-adjust-bottom-margin ultimate-heading-845769f0cd420d954 uvc-728 \" data-hspacer=\"no_spacer\"  data-halign=\"left\" style=\"text-align:left\"><div class=\"uvc-heading-spacer no_spacer\" style=\"top\"><\/div><div class=\"uvc-sub-heading ult-responsive\"  data-ultimate-target='.uvc-heading.ultimate-heading-845769f0cd420d954 .uvc-sub-heading '  data-responsive-json-new='{\"font-size\":\"desktop:13px;\",\"line-height\":\"desktop:25px;\"}'  style=\"font-weight:normal;color:#000000;margin-bottom:20px;\">\n<p data-start=\"153\" data-end=\"167\"><strong data-start=\"153\" data-end=\"167\">Formaci\u00f3n:<\/strong><\/p>\n<p><\/p>\n<p data-start=\"169\" data-end=\"491\">\u00b7 Grado en Odontolog\u00eda en la Universidad de Barcelona (2015\u20132022).<br data-start=\"235\" data-end=\"238\" \/>\u00b7 M\u00e1ster en Ortodoncia en la Universidad de Barcelona (2023\u2013Actualidad).<br data-start=\"310\" data-end=\"313\" \/>\u00b7 Formaci\u00f3n en t\u00e9cnicas de ortodoncia fija convencional y autoligado, alineadores (Invisalign, Spark, Angel Aligner), manejo de microtornillos, ortopedia y cirug\u00eda ortogn\u00e1tica.<\/p>\n<p><\/p>\n<p data-start=\"493\" data-end=\"521\"><strong data-start=\"493\" data-end=\"521\">Experiencia profesional:<\/strong><\/p>\n<p><\/p>\n<p data-start=\"523\" data-end=\"867\">\u00b7 Ortodoncista en Institut Dra. Iriarte (2025\u20132026).<br data-start=\"575\" data-end=\"578\" \/>\u00b7 Ortodoncista en Hospital Odontol\u00f3gico Fundaci\u00f3n Josep Finestres (2025\u20132026).<br data-start=\"656\" data-end=\"659\" \/>\u00b7 Ortodoncista en Dental Sabater (2024\u20132025).<br data-start=\"704\" data-end=\"707\" \/>\u00b7 Odont\u00f3loga general y odontopediatra en Centre Dental Bast\u00e9 (2024\u20132025).<br data-start=\"780\" data-end=\"783\" \/>\u00b7 Odont\u00f3loga general y odontopediatra en Centre Odontol\u00f3gico Ripollet (2022\u20132023).<\/p>\n<p><\/p>\n<p data-start=\"869\" data-end=\"908\"><strong data-start=\"869\" data-end=\"908\">Asistencia a cursos y conferencias:<\/strong><\/p>\n<p><\/p>\n<p data-start=\"910\" data-end=\"1237\">\u00b7 Curso \u201cPlanificaci\u00f3n digital. Cirug\u00eda guiada para la colocaci\u00f3n de microtornillos para MARPE\u201d \u2013 Dr. Ignacio Arcos, American Orthodontics.<br data-start=\"1049\" data-end=\"1052\" \/>\u00b7 Primer premio Orthotip \u2013 Congreso AESOR.<br data-start=\"1094\" data-end=\"1097\" \/>\u00b7 Asistencia y participaci\u00f3n en congresos nacionales e internacionales.<br data-start=\"1168\" data-end=\"1171\" \/>\u00b7 Ponencia en AESOR Spring 2025.<br data-start=\"1203\" data-end=\"1206\" \/>\u00b7 P\u00f3ster en SEdO 2023 y 2025.<\/p>\n<\/div><\/div><div class=\"ult-spacer spacer-69f0cd420d9b5\" data-id=\"69f0cd420d9b5\" data-height=\"50\" data-height-mobile=\"50\" data-height-tab=\"50\" data-height-tab-portrait=\"\" data-height-mobile-landscape=\"\" style=\"clear:both;display:block;\"><\/div>[\/vc_column_inner][vc_column_inner width=\u00bb1\/12&#8243;][\/vc_column_inner][\/vc_row_inner][\/vc_column][\/vc_row][vc_row][vc_column]<div class=\"ult-spacer spacer-69f0cd420d9f5\" data-id=\"69f0cd420d9f5\" data-height=\"20\" data-height-mobile=\"20\" data-height-tab=\"20\" data-height-tab-portrait=\"\" data-height-mobile-landscape=\"\" style=\"clear:both;display:block;\"><\/div>[\/vc_column][\/vc_row][vc_row][vc_column width=\u00bb1\/4&#8243;][\/vc_column][vc_column width=\u00bb3\/4&#8243;]<div class=\" ubtn-ctn-center \"><a class=\"ubtn-link ult-adjust-bottom-margin ubtn-center ubtn-custom \" href=\"http:\/\/www.odontologiacampistol.com\/pere-campistol\/\" ><button type=\"button\" id=\"ubtn-2590\"  class=\"ubtn ult-adjust-bottom-margin ult-responsive ubtn-custom ubtn-no-hover-bg  none  ubtn-center   tooltip-69f0cd420da54\"  data-hover=\"#ffffff\" data-border-color=\"#ffffff\" data-bg=\"#4f4740\" data-hover-bg=\"#968873\" data-border-hover=\"#ffffff\" data-shadow-hover=\"\" data-shadow-click=\"none\" data-shadow=\"\" data-shd-shadow=\"\"  data-ultimate-target='#ubtn-2590'  data-responsive-json-new='{\"font-size\":\"desktop:22px;\",\"line-height\":\"\"}'  style=\"font-family:&#039;Raleway&#039;;font-weight:normal;width:167px;min-height:0px;padding:8px 8px;border-radius:4px;border-width:1px;border-color:#ffffff;border-style:solid;background: #4f4740;color: #ffffff;\"><span class=\"ubtn-hover\" style=\"background-color:#968873\"><\/span><span class=\"ubtn-data ubtn-text \" >Equipo<\/span><\/button><\/a><\/div><div class=\"ult-spacer spacer-69f0cd420db35\" data-id=\"69f0cd420db35\" data-height=\"75\" data-height-mobile=\"75\" data-height-tab=\"75\" data-height-tab-portrait=\"\" data-height-mobile-landscape=\"\" style=\"clear:both;display:block;\"><\/div>[\/vc_column][\/vc_row]\n","protected":false},"excerpt":{"rendered":"<p>[vc_row][vc_column][\/vc_column][\/vc_row][vc_row css=\u00bb.vc_custom_1486120642191{margin-top: 0px !important;margin-right: 0px !important;margin-bottom: 10px !important;margin-left: 25px !important;border-left-width: 0px !important;padding-top: 0px !important;padding-right: 0px !important;border-left-color: #efefef !important;border-left-style: solid !important;}\u00bb][vc_column width=\u00bb1\/4&#8243; css=\u00bb.vc_custom_1486117478911{margin-right: 0px !important;padding-right: 0px !important;}\u00bb][vc_single_image image=\u00bb1940&#8243; img_size=\u00bbfull\u00bb alignment=\u00bbcenter\u00bb style=\u00bbvc_box_circle_2&#8243; css_animation=\u00bbfadeIn\u00bb css=\u00bb.vc_custom_1777362834480{margin-right: 50px !important;}\u00bb][\/vc_column][vc_column width=\u00bb3\/4&#8243; css=\u00bb.vc_custom_1486117486173{margin-top: 0px !important;margin-left: 0px !important;border-top-width: 0px !important;padding-top: 0px !important;padding-left: 0px !important;}\u00bb el_class=\u00bbingofons\u00bb][vc_row_inner css=\u00bb.vc_custom_1486119284873{margin-bottom: 0px !important;padding-bottom: 0px !important;background-color: #9d8972 !important;background-position: center !important;background-repeat: no-repeat !important;background-size: cover !important;}\u00bb][vc_column_inner css=\u00bb.vc_custom_1486120406324{margin-bottom: 0px !important;padding-top: 35px !important;padding-bottom: 25px !important;padding-left: 40px !important;}\u00bb][\/vc_column_inner][\/vc_row_inner][vc_row_inner css=\u00bb.vc_custom_1486119293879{margin-top: 0px !important;padding-top: 0px !important;padding-right: 0px !important;background-color: #f2f2f2 !important;background-position: center !important;background-repeat: no-repeat !important;background-size: contain !important;}\u00bb][vc_column_inner width=\u00bb1\/12&#8243;][\/vc_column_inner][vc_column_inner width=\u00bb5\/6&#8243; css=\u00bb.vc_custom_1486119412761{margin-top: 25px !important;}\u00bb][\/vc_column_inner][vc_column_inner width=\u00bb1\/12&#8243;][\/vc_column_inner][\/vc_row_inner][\/vc_column][\/vc_row][vc_row][vc_column][\/vc_column][\/vc_row][vc_row][vc_column width=\u00bb1\/4&#8243;][\/vc_column][vc_column width=\u00bb3\/4&#8243;][\/vc_column][\/vc_row]<\/p>\n","protected":false},"author":1,"featured_media":0,"parent":0,"menu_order":0,"comment_status":"closed","ping_status":"closed","template":"","meta":{"rs_blank_template":"","rs_page_bg_color":"","slide_template_v7":"","footnotes":""},"class_list":["post-1936","page","type-page","status-publish","hentry","entry","post-inner"],"_links":{"self":[{"href":"https:\/\/www.odontologiacampistol.com\/es\/wp-json\/wp\/v2\/pages\/1936","targetHints":{"allow":["GET"]}}],"collection":[{"href":"https:\/\/www.odontologiacampistol.com\/es\/wp-json\/wp\/v2\/pages"}],"about":[{"href":"https:\/\/www.odontologiacampistol.com\/es\/wp-json\/wp\/v2\/types\/page"}],"author":[{"embeddable":true,"href":"https:\/\/www.odontologiacampistol.com\/es\/wp-json\/wp\/v2\/users\/1"}],"replies":[{"embeddable":true,"href":"https:\/\/www.odontologiacampistol.com\/es\/wp-json\/wp\/v2\/comments?post=1936"}],"version-history":[{"count":29,"href":"https:\/\/www.odontologiacampistol.com\/es\/wp-json\/wp\/v2\/pages\/1936\/revisions"}],"predecessor-version":[{"id":1990,"href":"https:\/\/www.odontologiacampistol.com\/es\/wp-json\/wp\/v2\/pages\/1936\/revisions\/1990"}],"wp:attachment":[{"href":"https:\/\/www.odontologiacampistol.com\/es\/wp-json\/wp\/v2\/media?parent=1936"}],"curies":[{"name":"wp","href":"https:\/\/api.w.org\/{rel}","templated":true}]}}