{"id":1909,"date":"2026-04-28T11:53:42","date_gmt":"2026-04-28T09:53:42","guid":{"rendered":"https:\/\/www.odontologiacampistol.com\/?page_id=1909"},"modified":"2026-04-28T12:33:07","modified_gmt":"2026-04-28T10:33:07","slug":"cv-alberto-palermo","status":"publish","type":"page","link":"https:\/\/www.odontologiacampistol.com\/es\/cv-alberto-palermo\/","title":{"rendered":"CV Alberto Palermo"},"content":{"rendered":"[vc_row][vc_column]<div class=\"ult-spacer spacer-69f0e39437a54\" data-id=\"69f0e39437a54\" data-height=\"50\" data-height-mobile=\"50\" data-height-tab=\"50\" data-height-tab-portrait=\"\" data-height-mobile-landscape=\"\" style=\"clear:both;display:block;\"><\/div>[\/vc_column][\/vc_row][vc_row css=\u00bb.vc_custom_1486120642191{margin-top: 0px !important;margin-right: 0px !important;margin-bottom: 10px !important;margin-left: 25px !important;border-left-width: 0px !important;padding-top: 0px !important;padding-right: 0px !important;border-left-color: #efefef !important;border-left-style: solid !important;}\u00bb][vc_column width=\u00bb1\/4&#8243; css=\u00bb.vc_custom_1486117478911{margin-right: 0px !important;padding-right: 0px !important;}\u00bb][vc_single_image image=\u00bb1906&#8243; img_size=\u00bbfull\u00bb alignment=\u00bbcenter\u00bb style=\u00bbvc_box_circle_2&#8243; css_animation=\u00bbfadeIn\u00bb css=\u00bb.vc_custom_1761653139081{margin-right: 50px !important;}\u00bb][\/vc_column][vc_column width=\u00bb3\/4&#8243; css=\u00bb.vc_custom_1486117486173{margin-top: 0px !important;margin-left: 0px !important;border-top-width: 0px !important;padding-top: 0px !important;padding-left: 0px !important;}\u00bb el_class=\u00bbingofons\u00bb][vc_row_inner css=\u00bb.vc_custom_1486119284873{margin-bottom: 0px !important;padding-bottom: 0px !important;background-color: #9d8972 !important;background-position: center !important;background-repeat: no-repeat !important;background-size: cover !important;}\u00bb][vc_column_inner css=\u00bb.vc_custom_1486120406324{margin-bottom: 0px !important;padding-top: 35px !important;padding-bottom: 25px !important;padding-left: 40px !important;}\u00bb]<div id=\"ultimate-heading-333569f0e39437b07\" class=\"uvc-heading ult-adjust-bottom-margin ultimate-heading-333569f0e39437b07 uvc-3442 \" data-hspacer=\"no_spacer\"  data-halign=\"left\" style=\"text-align:left\"><div class=\"uvc-heading-spacer no_spacer\" style=\"top\"><\/div><div class=\"uvc-main-heading ult-responsive\"  data-ultimate-target='.uvc-heading.ultimate-heading-333569f0e39437b07 h2'  data-responsive-json-new='{\"font-size\":\"desktop:20px;\",\"line-height\":\"\"}' ><h2 style=\"font-family:&#039;Prata&#039;;font-weight:bold;color:#ffffff;margin-top:30px;margin-bottom:5px;\">Dr. Alberto Palermo<\/h2><\/div><\/div>[\/vc_column_inner][\/vc_row_inner][vc_row_inner css=\u00bb.vc_custom_1486119293879{margin-top: 0px !important;padding-top: 0px !important;padding-right: 0px !important;background-color: #f2f2f2 !important;background-position: center !important;background-repeat: no-repeat !important;background-size: contain !important;}\u00bb][vc_column_inner width=\u00bb1\/12&#8243;][\/vc_column_inner][vc_column_inner width=\u00bb5\/6&#8243; css=\u00bb.vc_custom_1486119412761{margin-top: 25px !important;}\u00bb]<div id=\"ultimate-heading-219569f0e39437ba6\" class=\"uvc-heading ult-adjust-bottom-margin ultimate-heading-219569f0e39437ba6 uvc-680 \" data-hspacer=\"no_spacer\"  data-halign=\"left\" style=\"text-align:left\"><div class=\"uvc-heading-spacer no_spacer\" style=\"top\"><\/div><div class=\"uvc-sub-heading ult-responsive\"  data-ultimate-target='.uvc-heading.ultimate-heading-219569f0e39437ba6 .uvc-sub-heading '  data-responsive-json-new='{\"font-size\":\"desktop:13px;\",\"line-height\":\"desktop:25px;\"}'  style=\"font-weight:normal;color:#000000;margin-bottom:20px;\">\n<p data-start=\"251\" data-end=\"454\">\u00b7 Licenciado en Odontolog\u00eda por la Universidad Alfonso X el Sabio. Madrid (2009\u20132015).<br data-start=\"337\" data-end=\"340\" \/>\u00b7 Curso te\u00f3rico-pr\u00e1ctico de est\u00e9tica dental y pr\u00f3tesis fija sobre dientes y sobre implantes. Madrid (2016\u20132017).<\/p>\n<p><\/p>\n<p data-start=\"456\" data-end=\"658\">\u00b7 Jornada de actualizaci\u00f3n en regeneraci\u00f3n tisular, abordaje de atrofias maxilares y aplicaciones de \u00e1cido hialur\u00f3nico en odontolog\u00eda, impartida por el Dr. Antonio Murillo Rodr\u00edguez. Barcelona (2018).<\/p>\n<p><\/p>\n<p data-start=\"660\" data-end=\"742\">\u00b7 Posgrado en armonizaci\u00f3n facial y antienvejecimiento por EU-FP. Madrid (2021).<\/p>\n<p><\/p>\n<p data-start=\"744\" data-end=\"833\">\u00b7 Certificaci\u00f3n en dise\u00f1o de arcadas completas y dise\u00f1o de sonrisa. COEM Madrid (2021).<\/p>\n<p><\/p>\n<p data-start=\"835\" data-end=\"946\">\u00b7 Certificaci\u00f3n en el sistema de ortodoncia invisible ClearCorrect by Straumann Group. Barcelona (2020\/2021).<\/p>\n<p><\/p>\n<p data-start=\"948\" data-end=\"1040\">\u00b7 Certificaci\u00f3n en el sistema Invisalign Go de ortodoncia est\u00e9tica. Barcelona (2021\/2022).<\/p>\n<p><\/p>\n<p data-start=\"1042\" data-end=\"1122\">\u00b7 Certificaci\u00f3n en el sistema Quick Smile de ortodoncia invisible (2022\/2023).<\/p>\n<p><\/p>\n<p data-start=\"1124\" data-end=\"1246\">\u00b7 Masterclass sobre la t\u00e9cnica BOPT impartida por el Dr. Xavier Rodr\u00edguez y el Dr. Xavier Vela (SCOE). Barcelona (2023).<\/p>\n<p><\/p>\n<p data-start=\"1248\" data-end=\"1387\">\u00b7 Masterclass sobre optimizaci\u00f3n de los tejidos blandos periimplantarios impartida por el Dr. Santiago Carreras (SCOE). Barcelona (2024).<\/p>\n<p><\/p>\n<p data-start=\"1389\" data-end=\"1552\">\u00b7 Masterclass sobre pr\u00f3tesis fija sobre dientes y sobre implantes con optimizaci\u00f3n de tejidos blandos impartida por el Dr. Andrea Tinti (SCOE). Barcelona (2024).<\/p>\n<\/div><\/div><div class=\"ult-spacer spacer-69f0e39437c07\" data-id=\"69f0e39437c07\" data-height=\"50\" data-height-mobile=\"50\" data-height-tab=\"50\" data-height-tab-portrait=\"\" data-height-mobile-landscape=\"\" style=\"clear:both;display:block;\"><\/div>[\/vc_column_inner][vc_column_inner width=\u00bb1\/12&#8243;][\/vc_column_inner][\/vc_row_inner][\/vc_column][\/vc_row][vc_row][vc_column]<div class=\"ult-spacer spacer-69f0e39437c47\" data-id=\"69f0e39437c47\" data-height=\"20\" data-height-mobile=\"20\" data-height-tab=\"20\" data-height-tab-portrait=\"\" data-height-mobile-landscape=\"\" style=\"clear:both;display:block;\"><\/div>[\/vc_column][\/vc_row][vc_row][vc_column width=\u00bb1\/4&#8243;][\/vc_column][vc_column width=\u00bb3\/4&#8243;]<div class=\" ubtn-ctn-center \"><a class=\"ubtn-link ult-adjust-bottom-margin ubtn-center ubtn-custom \" href=\"http:\/\/www.odontologiacampistol.com\/pere-campistol\/\" ><button type=\"button\" id=\"ubtn-7846\"  class=\"ubtn ult-adjust-bottom-margin ult-responsive ubtn-custom ubtn-no-hover-bg  none  ubtn-center   tooltip-69f0e39437ca7\"  data-hover=\"#ffffff\" data-border-color=\"#ffffff\" data-bg=\"#4f4740\" data-hover-bg=\"#968873\" data-border-hover=\"#ffffff\" data-shadow-hover=\"\" data-shadow-click=\"none\" data-shadow=\"\" data-shd-shadow=\"\"  data-ultimate-target='#ubtn-7846'  data-responsive-json-new='{\"font-size\":\"desktop:22px;\",\"line-height\":\"\"}'  style=\"font-family:&#039;Raleway&#039;;font-weight:normal;width:167px;min-height:0px;padding:8px 8px;border-radius:4px;border-width:1px;border-color:#ffffff;border-style:solid;background: #4f4740;color: #ffffff;\"><span class=\"ubtn-hover\" style=\"background-color:#968873\"><\/span><span class=\"ubtn-data ubtn-text \" >Equip<\/span><\/button><\/a><\/div><div class=\"ult-spacer spacer-69f0e39437d8d\" data-id=\"69f0e39437d8d\" data-height=\"75\" data-height-mobile=\"75\" data-height-tab=\"75\" data-height-tab-portrait=\"\" data-height-mobile-landscape=\"\" style=\"clear:both;display:block;\"><\/div>[\/vc_column][\/vc_row]\n","protected":false},"excerpt":{"rendered":"<p>[vc_row][vc_column][\/vc_column][\/vc_row][vc_row css=\u00bb.vc_custom_1486120642191{margin-top: 0px !important;margin-right: 0px !important;margin-bottom: 10px !important;margin-left: 25px !important;border-left-width: 0px !important;padding-top: 0px !important;padding-right: 0px !important;border-left-color: #efefef !important;border-left-style: solid !important;}\u00bb][vc_column width=\u00bb1\/4&#8243; css=\u00bb.vc_custom_1486117478911{margin-right: 0px !important;padding-right: 0px !important;}\u00bb][vc_single_image image=\u00bb1906&#8243; img_size=\u00bbfull\u00bb alignment=\u00bbcenter\u00bb style=\u00bbvc_box_circle_2&#8243; css_animation=\u00bbfadeIn\u00bb css=\u00bb.vc_custom_1761653139081{margin-right: 50px !important;}\u00bb][\/vc_column][vc_column width=\u00bb3\/4&#8243; css=\u00bb.vc_custom_1486117486173{margin-top: 0px !important;margin-left: 0px !important;border-top-width: 0px !important;padding-top: 0px !important;padding-left: 0px !important;}\u00bb el_class=\u00bbingofons\u00bb][vc_row_inner css=\u00bb.vc_custom_1486119284873{margin-bottom: 0px !important;padding-bottom: 0px !important;background-color: #9d8972 !important;background-position: center !important;background-repeat: no-repeat !important;background-size: cover !important;}\u00bb][vc_column_inner css=\u00bb.vc_custom_1486120406324{margin-bottom: 0px !important;padding-top: 35px !important;padding-bottom: 25px !important;padding-left: 40px !important;}\u00bb][\/vc_column_inner][\/vc_row_inner][vc_row_inner css=\u00bb.vc_custom_1486119293879{margin-top: 0px !important;padding-top: 0px !important;padding-right: 0px !important;background-color: #f2f2f2 !important;background-position: center !important;background-repeat: no-repeat !important;background-size: contain !important;}\u00bb][vc_column_inner width=\u00bb1\/12&#8243;][\/vc_column_inner][vc_column_inner width=\u00bb5\/6&#8243; css=\u00bb.vc_custom_1486119412761{margin-top: 25px !important;}\u00bb][\/vc_column_inner][vc_column_inner width=\u00bb1\/12&#8243;][\/vc_column_inner][\/vc_row_inner][\/vc_column][\/vc_row][vc_row][vc_column][\/vc_column][\/vc_row][vc_row][vc_column width=\u00bb1\/4&#8243;][\/vc_column][vc_column width=\u00bb3\/4&#8243;][\/vc_column][\/vc_row]<\/p>\n","protected":false},"author":1,"featured_media":0,"parent":0,"menu_order":0,"comment_status":"closed","ping_status":"closed","template":"","meta":{"rs_blank_template":"","rs_page_bg_color":"","slide_template_v7":"","footnotes":""},"class_list":["post-1909","page","type-page","status-publish","hentry","entry","post-inner"],"_links":{"self":[{"href":"https:\/\/www.odontologiacampistol.com\/es\/wp-json\/wp\/v2\/pages\/1909","targetHints":{"allow":["GET"]}}],"collection":[{"href":"https:\/\/www.odontologiacampistol.com\/es\/wp-json\/wp\/v2\/pages"}],"about":[{"href":"https:\/\/www.odontologiacampistol.com\/es\/wp-json\/wp\/v2\/types\/page"}],"author":[{"embeddable":true,"href":"https:\/\/www.odontologiacampistol.com\/es\/wp-json\/wp\/v2\/users\/1"}],"replies":[{"embeddable":true,"href":"https:\/\/www.odontologiacampistol.com\/es\/wp-json\/wp\/v2\/comments?post=1909"}],"version-history":[{"count":5,"href":"https:\/\/www.odontologiacampistol.com\/es\/wp-json\/wp\/v2\/pages\/1909\/revisions"}],"predecessor-version":[{"id":1994,"href":"https:\/\/www.odontologiacampistol.com\/es\/wp-json\/wp\/v2\/pages\/1909\/revisions\/1994"}],"wp:attachment":[{"href":"https:\/\/www.odontologiacampistol.com\/es\/wp-json\/wp\/v2\/media?parent=1909"}],"curies":[{"name":"wp","href":"https:\/\/api.w.org\/{rel}","templated":true}]}}