{"id":1479,"date":"2017-02-03T11:30:53","date_gmt":"2017-02-03T11:30:53","guid":{"rendered":"https:\/\/www.odontologiacampistol.com\/cv-francesc-alvarez\/"},"modified":"2022-01-26T11:18:32","modified_gmt":"2022-01-26T11:18:32","slug":"cv-francesc-alvarez","status":"publish","type":"page","link":"https:\/\/www.odontologiacampistol.com\/es\/cv-francesc-alvarez\/","title":{"rendered":"CV Francesc \u00c1lvarez"},"content":{"rendered":"[vc_row][vc_column]<div class=\"ult-spacer spacer-69fda3247b4a2\" data-id=\"69fda3247b4a2\" data-height=\"50\" data-height-mobile=\"50\" data-height-tab=\"50\" data-height-tab-portrait=\"\" data-height-mobile-landscape=\"\" style=\"clear:both;display:block;\"><\/div>[\/vc_column][\/vc_row][vc_row css=\u00bb.vc_custom_1486120642191{margin-top: 0px !important;margin-right: 0px !important;margin-bottom: 10px !important;margin-left: 25px !important;border-left-width: 0px !important;padding-top: 0px !important;padding-right: 0px !important;border-left-color: #efefef !important;border-left-style: solid !important;}\u00bb][vc_column width=\u00bb1\/4&#8243; css=\u00bb.vc_custom_1486117478911{margin-right: 0px !important;padding-right: 0px !important;}\u00bb][vc_single_image image=\u00bb579&#8243; img_size=\u00bbfull\u00bb alignment=\u00bbcenter\u00bb style=\u00bbvc_box_circle_2&#8243; css_animation=\u00bbfadeIn\u00bb css=\u00bb.vc_custom_1490945450183{margin-right: 50px !important;}\u00bb][\/vc_column][vc_column width=\u00bb3\/4&#8243; css=\u00bb.vc_custom_1486117486173{margin-top: 0px !important;margin-left: 0px !important;border-top-width: 0px !important;padding-top: 0px !important;padding-left: 0px !important;}\u00bb el_class=\u00bbingofons\u00bb][vc_row_inner css=\u00bb.vc_custom_1486119284873{margin-bottom: 0px !important;padding-bottom: 0px !important;background-color: #9d8972 !important;background-position: center !important;background-repeat: no-repeat !important;background-size: cover !important;}\u00bb][vc_column_inner css=\u00bb.vc_custom_1486120406324{margin-bottom: 0px !important;padding-top: 35px !important;padding-bottom: 25px !important;padding-left: 40px !important;}\u00bb]<div id=\"ultimate-heading-396869fda3247b58c\" class=\"uvc-heading ult-adjust-bottom-margin ultimate-heading-396869fda3247b58c uvc-699 \" data-hspacer=\"no_spacer\"  data-halign=\"left\" style=\"text-align:left\"><div class=\"uvc-heading-spacer no_spacer\" style=\"top\"><\/div><div class=\"uvc-main-heading ult-responsive\"  data-ultimate-target='.uvc-heading.ultimate-heading-396869fda3247b58c h2'  data-responsive-json-new='{\"font-size\":\"desktop:20px;\",\"line-height\":\"\"}' ><h2 style=\"font-family:&#039;Prata&#039;;font-weight:bold;color:#ffffff;margin-top:30px;margin-bottom:5px;\">Dr. Francesc \u00c1lvarez Carbonera<\/h2><\/div><div class=\"uvc-sub-heading ult-responsive\"  data-ultimate-target='.uvc-heading.ultimate-heading-396869fda3247b58c .uvc-sub-heading '  data-responsive-json-new='{\"font-size\":\"desktop:13px;\",\"line-height\":\"desktop:25px;\"}'  style=\"font-weight:normal;color:#ffffff;margin-bottom:20px;\">N\u00famero de colegiado 6409<\/div><\/div>[\/vc_column_inner][\/vc_row_inner][vc_row_inner css=\u00bb.vc_custom_1486119293879{margin-top: 0px !important;padding-top: 0px !important;padding-right: 0px !important;background-color: #f2f2f2 !important;background-position: center !important;background-repeat: no-repeat !important;background-size: contain !important;}\u00bb][vc_column_inner width=\u00bb1\/12&#8243;][\/vc_column_inner][vc_column_inner width=\u00bb5\/6&#8243; css=\u00bb.vc_custom_1486119412761{margin-top: 25px !important;}\u00bb]<div id=\"ultimate-heading-645769fda3247b63f\" class=\"uvc-heading ult-adjust-bottom-margin ultimate-heading-645769fda3247b63f uvc-483 \" data-hspacer=\"no_spacer\"  data-halign=\"left\" style=\"text-align:left\"><div class=\"uvc-heading-spacer no_spacer\" style=\"top\"><\/div><div class=\"uvc-sub-heading ult-responsive\"  data-ultimate-target='.uvc-heading.ultimate-heading-645769fda3247b63f .uvc-sub-heading '  data-responsive-json-new='{\"font-size\":\"desktop:13px;\",\"line-height\":\"desktop:25px;\"}'  style=\"font-weight:normal;color:#000000;margin-bottom:20px;\">CV Francesc \u00c1lvarez Carbonera &#8211; N\u00famero de Colegiado 6409<\/p>\n<p>\u00b7 Licenciado en Odontolog\u00eda en la Universidad de Barcelona (2005-2010).<\/p>\n<p>\u00b7 M\u00e1ster en Periodoncia e Implantolog\u00eda Oral (2011-2014).<\/p>\n<p>\u00b7 Colaborador del M\u00e1ster en Periodoncia e Implantolog\u00eda Oral de la Universidad de Barcelona (2014).<\/p>\n<p>Asistencia a cursos y conferencias:<\/p>\n<p>\u00b7 Reuni\u00f3n anual SEPES Barcelona (2009).<\/p>\n<p>\u00b7 Curso COEC dr. Padr\u00f3s: \u201cIdeas, detalles, materiales y t\u00e9cnicas para superar dificultades y tituleos en el ejercicio de odontolog\u00eda cl\u00ednica\u201d (2009).<\/p>\n<p>\u00b7 Reuni\u00f3n anual SEPA Girona (2010).<\/p>\n<p>\u00b7 Curso SCOE: \u201cSoluciones sencillas a problemas inc\u00f3modos en la pr\u00e1ctica cl\u00ednica (2010).<\/p>\n<p>\u00b7 Curso SCOE: \u201cJornada de actualizaci\u00f3n en cirug\u00eda bucal e implantolog\u00eda bucofacial\u201d (2010).<\/p>\n<p>\u00b7 Curso SCOE: \u201cJornada de actualizaci\u00f3n en implantes\u201d (2010).<\/p>\n<p>\u00b7 Curso te\u00f3rico-pr\u00e1ctico Dres. L\u00f3pez y Jan\u00e9: \u00abDiagn\u00f3stico en medicina oral\u00bb (2011).<\/p>\n<p>\u00b7 Symposium UIC-Straumann: \u201cConceptos actuales en implantolog\u00eda, el enfoque de la Universidad de Zurich\u201d (2011).<\/p>\n<p>\u00b7 Curso SCOE: \u201cJornada de actualizaci\u00f3n en periodoncia\u201d (2011).<\/p>\n<p>\u00b7 Curso International Academy of Aesthetic Dentistry con los Dres. Stephen Chu, Dennis\u00a0Tarnow, Jaime Gil: \u201cEsthetic and Implant Dentistry: Innovations and controversies\u201d en Madrid (2011).<\/p>\n<p>\u00b7 Reuni\u00f3n anual SEPA Oviedo (2011).<\/p>\n<p>\u00b7 II Jornadas Catalanas de Actualizaci\u00f3n en Implantolog\u00eda (2011).<\/p>\n<p>\u00b7 Curso SCOE Dr. Pe\u00f1arrocha: \u201cCirug\u00eda periapical. Elevaci\u00f3n de seno\u201d (2011).<\/p>\n<p>\u00b7 Curso C\u00e1mara Cl\u00ednico: \u201cX Simposium de Implantolog\u00eda\u201d (2011).<\/p>\n<p>\u00b7 Curso SEPA: \u201cTengo una pregunta para el dr. Juan Blanco\u201d (2012).<\/p>\n<p>\u00b7 Curso SCOE: \u201cJornada de actualizaci\u00f3n en cirug\u00eda bucal\u201d (2012).<\/p>\n<p>\u00b7 Reuni\u00f3n trianual EUROPERIO Vienna (2012).<\/p>\n<p>\u00b7 Reuni\u00f3n anual SEPES Granada (2012).<\/p>\n<p>\u00b7 Reuni\u00f3n anual SEPA Madrid (2012).<\/p>\n<p>\u00b7 Curso Straumann: \u201cActualizaci\u00f3n en Implantolog\u00eda\u201d (2012).<\/p>\n<p>\u00b7 Curso SCOE Dr. Pi Urgell: \u201cImplantolog\u00eda-Cirug\u00eda regenerativa. Alternativas de tratamiento\u201d (2013).<\/p>\n<p>\u00b7 Reuni\u00f3n anual SEPA Granada (2013).<\/p>\n<p>\u00b7 Curso SCOE Dr.Galindo: \u201cJornada de Actualizaci\u00f3n en Cirug\u00eda\u201d (2013).<\/p>\n<p>\u00b7 Curso MOZOGRAU: \u201cMejorando resultados en implantolog\u00eda\u201d (2014).<\/p>\n<p>\u00b7 Reuni\u00f3n anual SEPA Valladolid (2014).<\/p>\n<p>\u00b7 Curso BIONERO de Microcaracoles para Suturar Injertos (2015).<\/p>\n<p>\u00b7 Curso COEC: \u201cActualizaci\u00f3n en implantolog\u00eda por los mejores expertos\u201d organizado por\u00a0Cl\u00ednica Dental STOMA (2016).<\/p>\n<p>\u00b7 Reuni\u00f3n anual SEPA Valencia (2016).<\/p>\n<\/div><\/div><div class=\"ult-spacer spacer-69fda3247b6a1\" data-id=\"69fda3247b6a1\" data-height=\"50\" data-height-mobile=\"50\" data-height-tab=\"50\" data-height-tab-portrait=\"\" data-height-mobile-landscape=\"\" style=\"clear:both;display:block;\"><\/div>[\/vc_column_inner][vc_column_inner width=\u00bb1\/12&#8243;][\/vc_column_inner][\/vc_row_inner][\/vc_column][\/vc_row][vc_row][vc_column]<div class=\"ult-spacer spacer-69fda3247b6e3\" data-id=\"69fda3247b6e3\" data-height=\"20\" data-height-mobile=\"20\" data-height-tab=\"20\" data-height-tab-portrait=\"\" data-height-mobile-landscape=\"\" style=\"clear:both;display:block;\"><\/div>[\/vc_column][\/vc_row][vc_row][vc_column width=\u00bb1\/4&#8243;][\/vc_column][vc_column width=\u00bb3\/4&#8243;]<div class=\" ubtn-ctn-center \"><a class=\"ubtn-link ult-adjust-bottom-margin ubtn-center ubtn-custom \" href=\"http:\/\/www.odontologiacampistol.com\/es\/pere-campistol\/\" ><button type=\"button\" id=\"ubtn-6269\"  class=\"ubtn ult-adjust-bottom-margin ult-responsive ubtn-custom ubtn-no-hover-bg  none  ubtn-center   tooltip-69fda3247b740\"  data-hover=\"#ffffff\" data-border-color=\"#ffffff\" data-bg=\"#4f4740\" data-hover-bg=\"#968873\" data-border-hover=\"#ffffff\" data-shadow-hover=\"\" data-shadow-click=\"none\" data-shadow=\"\" data-shd-shadow=\"\"  data-ultimate-target='#ubtn-6269'  data-responsive-json-new='{\"font-size\":\"desktop:22px;\",\"line-height\":\"\"}'  style=\"font-family:&#039;Raleway&#039;;font-weight:normal;width:167px;min-height:0px;padding:8px 8px;border-radius:4px;border-width:1px;border-color:#ffffff;border-style:solid;background: #4f4740;color: #ffffff;\"><span class=\"ubtn-hover\" style=\"background-color:#968873\"><\/span><span class=\"ubtn-data ubtn-text \" >Equipo<\/span><\/button><\/a><\/div><div class=\"ult-spacer spacer-69fda3247b834\" data-id=\"69fda3247b834\" data-height=\"75\" data-height-mobile=\"75\" data-height-tab=\"75\" data-height-tab-portrait=\"\" data-height-mobile-landscape=\"\" style=\"clear:both;display:block;\"><\/div>[\/vc_column][\/vc_row]\n","protected":false},"excerpt":{"rendered":"<p>[vc_row][vc_column][\/vc_column][\/vc_row][vc_row css=\u00bb.vc_custom_1486120642191{margin-top: 0px !important;margin-right: 0px !important;margin-bottom: 10px !important;margin-left: 25px !important;border-left-width: 0px !important;padding-top: 0px !important;padding-right: 0px !important;border-left-color: #efefef !important;border-left-style: solid !important;}\u00bb][vc_column width=\u00bb1\/4&#8243; css=\u00bb.vc_custom_1486117478911{margin-right: 0px !important;padding-right: 0px !important;}\u00bb][vc_single_image image=\u00bb579&#8243; img_size=\u00bbfull\u00bb alignment=\u00bbcenter\u00bb style=\u00bbvc_box_circle_2&#8243; css_animation=\u00bbfadeIn\u00bb css=\u00bb.vc_custom_1490945450183{margin-right: 50px !important;}\u00bb][\/vc_column][vc_column width=\u00bb3\/4&#8243; css=\u00bb.vc_custom_1486117486173{margin-top: 0px !important;margin-left: 0px !important;border-top-width: 0px !important;padding-top: 0px !important;padding-left: 0px !important;}\u00bb el_class=\u00bbingofons\u00bb][vc_row_inner css=\u00bb.vc_custom_1486119284873{margin-bottom: 0px !important;padding-bottom: 0px !important;background-color: #9d8972 !important;background-position: center !important;background-repeat: no-repeat !important;background-size: cover !important;}\u00bb][vc_column_inner css=\u00bb.vc_custom_1486120406324{margin-bottom: 0px !important;padding-top: 35px !important;padding-bottom: 25px !important;padding-left: 40px !important;}\u00bb][\/vc_column_inner][\/vc_row_inner][vc_row_inner css=\u00bb.vc_custom_1486119293879{margin-top: 0px !important;padding-top: 0px !important;padding-right: 0px !important;background-color: #f2f2f2 !important;background-position: center !important;background-repeat: no-repeat !important;background-size: contain !important;}\u00bb][vc_column_inner width=\u00bb1\/12&#8243;][\/vc_column_inner][vc_column_inner width=\u00bb5\/6&#8243; css=\u00bb.vc_custom_1486119412761{margin-top: 25px !important;}\u00bb][\/vc_column_inner][vc_column_inner width=\u00bb1\/12&#8243;][\/vc_column_inner][\/vc_row_inner][\/vc_column][\/vc_row][vc_row][vc_column][\/vc_column][\/vc_row][vc_row][vc_column width=\u00bb1\/4&#8243;][\/vc_column][vc_column width=\u00bb3\/4&#8243;][\/vc_column][\/vc_row]<\/p>\n","protected":false},"author":1,"featured_media":0,"parent":0,"menu_order":0,"comment_status":"closed","ping_status":"closed","template":"","meta":{"rs_blank_template":"","rs_page_bg_color":"","slide_template_v7":"","footnotes":""},"class_list":["post-1479","page","type-page","status-publish","hentry","entry","post-inner"],"_links":{"self":[{"href":"https:\/\/www.odontologiacampistol.com\/es\/wp-json\/wp\/v2\/pages\/1479","targetHints":{"allow":["GET"]}}],"collection":[{"href":"https:\/\/www.odontologiacampistol.com\/es\/wp-json\/wp\/v2\/pages"}],"about":[{"href":"https:\/\/www.odontologiacampistol.com\/es\/wp-json\/wp\/v2\/types\/page"}],"author":[{"embeddable":true,"href":"https:\/\/www.odontologiacampistol.com\/es\/wp-json\/wp\/v2\/users\/1"}],"replies":[{"embeddable":true,"href":"https:\/\/www.odontologiacampistol.com\/es\/wp-json\/wp\/v2\/comments?post=1479"}],"version-history":[{"count":3,"href":"https:\/\/www.odontologiacampistol.com\/es\/wp-json\/wp\/v2\/pages\/1479\/revisions"}],"predecessor-version":[{"id":1487,"href":"https:\/\/www.odontologiacampistol.com\/es\/wp-json\/wp\/v2\/pages\/1479\/revisions\/1487"}],"wp:attachment":[{"href":"https:\/\/www.odontologiacampistol.com\/es\/wp-json\/wp\/v2\/media?parent=1479"}],"curies":[{"name":"wp","href":"https:\/\/api.w.org\/{rel}","templated":true}]}}