{"id":1452,"date":"2017-02-16T08:48:40","date_gmt":"2017-02-16T08:48:40","guid":{"rendered":"https:\/\/www.odontologiacampistol.com\/periodoncia\/"},"modified":"2023-06-30T11:21:21","modified_gmt":"2023-06-30T11:21:21","slug":"periodoncia","status":"publish","type":"page","link":"https:\/\/www.odontologiacampistol.com\/es\/periodoncia\/","title":{"rendered":"Periodoncia"},"content":{"rendered":"[vc_row full_width=\u00bbstretch_row_content_no_spaces\u00bb css=\u00bb.vc_custom_1490945859722{margin-top: 0px !important;margin-right: 0px !important;margin-bottom: 0px !important;margin-left: 0px !important;padding-top: 0px !important;padding-right: 0px !important;padding-bottom: 0px !important;padding-left: 0px !important;}\u00bb][vc_column css=\u00bb.vc_custom_1490946116934{margin-top: 0px !important;margin-right: 0px !important;margin-bottom: 0px !important;margin-left: 0px !important;padding-top: 0px !important;padding-right: 0px !important;padding-bottom: 0px !important;padding-left: 0px !important;background-color: #e5e2dc !important;background-position: center !important;background-repeat: no-repeat !important;background-size: cover !important;}\u00bb][vc_single_image image=\u00bb873&#8243; img_size=\u00bbfull\u00bb alignment=\u00bbcenter\u00bb css=\u00bb.vc_custom_1490946027998{margin-right: 0px !important;margin-bottom: 0px !important;margin-left: 0px !important;padding-right: 0px !important;padding-bottom: 0px !important;padding-left: 0px !important;}\u00bb][\/vc_column][\/vc_row][vc_row][vc_column]<div class=\"ult-spacer spacer-69fda560db0e5\" data-id=\"69fda560db0e5\" data-height=\"55\" data-height-mobile=\"55\" data-height-tab=\"55\" data-height-tab-portrait=\"\" data-height-mobile-landscape=\"\" style=\"clear:both;display:block;\"><\/div>[vc_single_image image=\u00bb186&#8243; img_size=\u00bbfull\u00bb alignment=\u00bbcenter\u00bb css_animation=\u00bbappear\u00bb][\/vc_column][\/vc_row][vc_row][vc_column width=\u00bb1\/4&#8243;][\/vc_column][vc_column width=\u00bb1\/2&#8243;]<div id=\"ultimate-heading-481769fda560db168\" class=\"uvc-heading ult-adjust-bottom-margin ultimate-heading-481769fda560db168 uvc-6173 \" data-hspacer=\"no_spacer\"  data-halign=\"center\" style=\"text-align:center\"><div class=\"uvc-heading-spacer no_spacer\" style=\"top\"><\/div><div class=\"uvc-main-heading ult-responsive\"  data-ultimate-target='.uvc-heading.ultimate-heading-481769fda560db168 h3'  data-responsive-json-new='{\"font-size\":\"\",\"line-height\":\"\"}' ><h3 style=\"font-family:&#039;Prata&#039;;font-weight:normal;margin-bottom:30px;\">Periodoncia<\/h3><\/div><\/div>[\/vc_column][vc_column width=\u00bb1\/4&#8243;][\/vc_column][\/vc_row][vc_row][vc_column width=\u00bb1\/6&#8243;][\/vc_column][vc_column width=\u00bb4\/6&#8243;][vc_column_text]Se trata de la especialidad que se ocupa del estudio, prevenci\u00f3n y tratamiento de las enfermedades periodontales (enfermedades de las enc\u00edas): la periodontitis y la gingivitis, dos de las <a href=\"https:\/\/www.odontologiacampistol.com\/quins-son-dels-principals-problemes-odontologics\/\" target=\"_blank\" rel=\"noopener\">afecciones m\u00e1s comunes<\/a> en el \u00e1mbito de la salud bucodental.<\/p>\n<p>Los tejidos que soportan y protegen el diente son: la enc\u00eda, el hueso alveolar, el ligamento periodontal y el cemento radicular.<\/p>\n<p>Seg\u00fan el grado de afectaci\u00f3n de los tejidos, las enfermedades de las enc\u00edas se clasifican en:<\/p>\n<ul>\n<li><strong>Gingivitis:<\/strong> inflamaci\u00f3n de las enc\u00edas.<\/li>\n<li><strong>Periodontitis<\/strong> (\u00abPiorrea\u00bb): estado de afectaci\u00f3n m\u00e1s avanzado que la gingivitis. Afecta a la enc\u00eda, el ligamento periodontal, el hueso alveolar y el cemento.<\/li>\n<\/ul>\n<p>La causa principal es la inflamaci\u00f3n causada por bacterias. Produce una destrucci\u00f3n de los tejidos m\u00e1s profundos como son el hueso y el ligamento periodontal.<\/p>\n<p>Raramente produce dolor, por tanto, frecuentemente pasa desapercibida.[\/vc_column_text][vc_single_image image=\u00bb882&#8243; img_size=\u00bbfull\u00bb alignment=\u00bbcenter\u00bb][\/vc_column][vc_column width=\u00bb1\/6&#8243;][\/vc_column][\/vc_row][vc_row][vc_column width=\u00bb1\/6&#8243;][\/vc_column][vc_column width=\u00bb2\/3&#8243; css=\u00bb.vc_custom_1488963965750{margin-bottom: 60px !important;}\u00bb]<div class=\"ult-spacer spacer-69fda560db1ef\" data-id=\"69fda560db1ef\" data-height=\"30\" data-height-mobile=\"10\" data-height-tab=\"20\" data-height-tab-portrait=\"20\" data-height-mobile-landscape=\"10\" style=\"clear:both;display:block;\"><\/div><div id=\"ultimate-heading-932469fda560db251\" class=\"uvc-heading ult-adjust-bottom-margin ultimate-heading-932469fda560db251 uvc-6459 \" data-hspacer=\"no_spacer\"  data-halign=\"center\" style=\"text-align:center\"><div class=\"uvc-heading-spacer no_spacer\" style=\"top\"><\/div><div class=\"uvc-main-heading ult-responsive\"  data-ultimate-target='.uvc-heading.ultimate-heading-932469fda560db251 h1'  data-responsive-json-new='{\"font-size\":\"desktop:20px;\",\"line-height\":\"\"}' ><h1 style=\"font-family:&#039;Prata&#039;;font-weight:normal;color:#968872;margin-top:0px;margin-bottom:20px;\">\u00bfCu\u00e1les son los s\u00edntomas de la gingivitis\/periodontitis?<\/h1><\/div><\/div>[vc_column_text css=\u00bb.vc_custom_1688123857904{margin-bottom: 16px !important;}\u00bb]La gingivitis causa:<\/p>\n<ul>\n<li>Enrojecimiento de las enc\u00edas.<\/li>\n<li>Sangrado espont\u00e1neo.<\/li>\n<li>Sangrado al cepillarse los dientes.<\/li>\n<\/ul>\n<p>la evoluci\u00f3n de la gingivitis deriva en periodontitis, causando: movilidad y\/o separaci\u00f3n de los dientes, aparici\u00f3n de recesiones gingivales, malestar de las enc\u00edas, halitosis, sensaci\u00f3n de dientes largos as\u00ed como aparici\u00f3n de abscesos.<\/p>\n<p>La evoluci\u00f3n de la periodontitis puede ser lenta o r\u00e1pida. Lo evidente es que si no se trata a tiempo, la enfermedad avanza, causando la destrucci\u00f3n de los tejidos y consecuentemente la p\u00e9rdida del diente.[\/vc_column_text][\/vc_column][vc_column width=\u00bb1\/6&#8243;][\/vc_column][\/vc_row][vc_row][vc_column width=\u00bb1\/6&#8243;][\/vc_column][vc_column width=\u00bb4\/6&#8243;]<div id=\"ultimate-heading-278669fda560db2d0\" class=\"uvc-heading ult-adjust-bottom-margin ultimate-heading-278669fda560db2d0 uvc-9522 \" data-hspacer=\"no_spacer\"  data-halign=\"center\" style=\"text-align:center\"><div class=\"uvc-heading-spacer no_spacer\" style=\"top\"><\/div><div class=\"uvc-main-heading ult-responsive\"  data-ultimate-target='.uvc-heading.ultimate-heading-278669fda560db2d0 h2'  data-responsive-json-new='{\"font-size\":\"desktop:20px;\",\"line-height\":\"\"}' ><h2 style=\"font-family:&#039;Prata&#039;;font-weight:normal;color:#968872;margin-top:0px;margin-bottom:20px;\">\u00bfQui\u00e9nes son los principales afectados por la gingivitis y la periodontitis?<\/h2><\/div><\/div>[vc_column_text]\n<p align=\"justify\">La gingivitis afecta a un 75% de los j\u00f3venes de entre 20 y 25 a\u00f1os. Por el contrario, la periodontitis predomina en la edad adulta y suele manifestarse a partir de los 30 a\u00f1os. Adem\u00e1s aumenta con la edad y es la causa principal de p\u00e9rdida de dientes en adultos. Raramente aparece en j\u00f3venes salvo en ocasiones en que la enfermedad es muy agresiva.<\/p>\n[\/vc_column_text][vc_single_image image=\u00bb891&#8243; img_size=\u00bbfull\u00bb alignment=\u00bbcenter\u00bb][\/vc_column][vc_column width=\u00bb1\/6&#8243;][\/vc_column][\/vc_row][vc_row][vc_column width=\u00bb1\/6&#8243;][\/vc_column][vc_column width=\u00bb4\/6&#8243;]<div class=\"ult-spacer spacer-69fda560db338\" data-id=\"69fda560db338\" data-height=\"35\" data-height-mobile=\"35\" data-height-tab=\"35\" data-height-tab-portrait=\"\" data-height-mobile-landscape=\"\" style=\"clear:both;display:block;\"><\/div>[vc_row_inner][vc_column_inner width=\u00bb1\/2&#8243;]<div id=\"ultimate-heading-805969fda560db38d\" class=\"uvc-heading ult-adjust-bottom-margin ultimate-heading-805969fda560db38d uvc-6406 \" data-hspacer=\"no_spacer\"  data-halign=\"center\" style=\"text-align:center\"><div class=\"uvc-heading-spacer no_spacer\" style=\"top\"><\/div><div class=\"uvc-sub-heading ult-responsive\"  data-ultimate-target='.uvc-heading.ultimate-heading-805969fda560db38d .uvc-sub-heading '  data-responsive-json-new='{\"font-size\":\"desktop:20px;\",\"line-height\":\"\"}'  style=\"font-family:&#039;Prata&#039;;font-weight:normal;color:#968872;margin-bottom:20px;\">La diabetes y la enfermedad periodontal<\/div><\/div>[vc_column_text]\n<p>Varios estudios cient\u00edficos han demostrado que los pacientes diab\u00e9ticos tienen 4,2 veces m\u00e1s posibilidades de desarrollar enfermedad periodontal respecto a los no diab\u00e9ticos. Adem\u00e1s, sugieren que una enfermedad periodontal no controlada puede empeorar la evoluci\u00f3n de la diabetes (influye en el control de la glucemia del paciente).<\/p>\n<p>Adem\u00e1s, dado que las enfermedades periodontales pueden pasar desapercibidas, el paciente diab\u00e9tico puede estar descontrolado sin tener conocimiento.<\/p>\n<p>Por tanto, es conveniente que el paciente diab\u00e9tico vaya a hacerse revisiones al dentista peri\u00f3dicamente para detectar este tipo de patolog\u00edas y tratar y\/o controlarlas, en su caso.<\/p>\n<p>La relaci\u00f3n entre diabetes y periodontitis suele ser en ambos sentidos. El adecuado control de una patolog\u00eda y otra puede mejorar el pron\u00f3stico y la tendencia a complicaciones.<\/p>\n<p align=\"justify\">[\/vc_column_text][\/vc_column_inner][vc_column_inner width=\u00bb1\/2&#8243;]<div id=\"ultimate-heading-140669fda560db408\" class=\"uvc-heading ult-adjust-bottom-margin ultimate-heading-140669fda560db408 uvc-1441 \" data-hspacer=\"no_spacer\"  data-halign=\"center\" style=\"text-align:center\"><div class=\"uvc-heading-spacer no_spacer\" style=\"top\"><\/div><div class=\"uvc-sub-heading ult-responsive\"  data-ultimate-target='.uvc-heading.ultimate-heading-140669fda560db408 .uvc-sub-heading '  data-responsive-json-new='{\"font-size\":\"desktop:20px;\",\"line-height\":\"\"}'  style=\"font-family:&#039;Prata&#039;;font-weight:normal;color:#968872;margin-bottom:20px;\">El tabaco y la enfermedad periodontal<\/div><\/div>[vc_column_text]\n<p>El efecto del tabaco en las enc\u00edas (aparte de tinciones en los dientes y mal aliento), provoca un menor aporte de sangre a los tejidos (vasoconstricci\u00f3n) y, adem\u00e1s, disminuye el mecanismo de defensa de las enc\u00edas contra las bacterias.<\/p>\n<p>Consecuentemente, enmascara el sangrado de las enc\u00edas, enga\u00f1\u00e1ndonos de modo que no nos parece estar inflamadas.<\/p>\n<p>Numerosos estudios han demostrado que la respuesta al tratamiento periodontal es peor en fumadores a corto y largo plazo.<\/p>\n<p>Por eso es de gran utilidad tener en cuenta que el abandono del h\u00e1bito tab\u00e1quico supondr\u00e1 un punto a favor del tratamiento periodontal y mantenimiento de los dientes a largo plazo.<\/p>\n<p align=\"justify\">[\/vc_column_text][\/vc_column_inner][\/vc_row_inner][\/vc_column][vc_column width=\u00bb1\/6&#8243;][\/vc_column][\/vc_row][vc_row][vc_column]<div class=\"ult-spacer spacer-69fda560db470\" data-id=\"69fda560db470\" data-height=\"100\" data-height-mobile=\"100\" data-height-tab=\"100\" data-height-tab-portrait=\"\" data-height-mobile-landscape=\"\" style=\"clear:both;display:block;\"><\/div>[\/vc_column][\/vc_row][vc_row][\/vc_row][vc_row][vc_column][vc_column_text]\n[\/vc_column_text][\/vc_column][\/vc_row]\n","protected":false},"excerpt":{"rendered":"<p>[vc_row full_width=\u00bbstretch_row_content_no_spaces\u00bb css=\u00bb.vc_custom_1490945859722{margin-top: 0px !important;margin-right: 0px !important;margin-bottom: 0px !important;margin-left: 0px !important;padding-top: 0px !important;padding-right: 0px !important;padding-bottom: 0px !important;padding-left: 0px !important;}\u00bb][vc_column css=\u00bb.vc_custom_1490946116934{margin-top: 0px !important;margin-right: 0px !important;margin-bottom: 0px !important;margin-left: 0px !important;padding-top: 0px !important;padding-right: 0px !important;padding-bottom: 0px !important;padding-left: 0px !important;background-color: #e5e2dc !important;background-position: center !important;background-repeat: no-repeat !important;background-size: cover !important;}\u00bb][vc_single_image image=\u00bb873&#8243; img_size=\u00bbfull\u00bb alignment=\u00bbcenter\u00bb css=\u00bb.vc_custom_1490946027998{margin-right: 0px !important;margin-bottom: 0px !important;margin-left: 0px !important;padding-right: 0px !important;padding-bottom: 0px !important;padding-left: 0px !important;}\u00bb][\/vc_column][\/vc_row][vc_row][vc_column][vc_single_image image=\u00bb186&#8243; img_size=\u00bbfull\u00bb alignment=\u00bbcenter\u00bb css_animation=\u00bbappear\u00bb][\/vc_column][\/vc_row][vc_row][vc_column width=\u00bb1\/4&#8243;][\/vc_column][vc_column width=\u00bb1\/2&#8243;][\/vc_column][vc_column width=\u00bb1\/4&#8243;][\/vc_column][\/vc_row][vc_row][vc_column width=\u00bb1\/6&#8243;][\/vc_column][vc_column width=\u00bb4\/6&#8243;][vc_column_text]Se trata de la especialidad que se ocupa del estudio, prevenci\u00f3n y tratamiento de las enfermedades periodontales (enfermedades de las enc\u00edas): la periodontitis y la gingivitis, dos de las afecciones m\u00e1s comunes en el \u00e1mbito de la salud bucodental. Los tejidos que soportan y protegen el diente son: la enc\u00eda, el hueso alveolar, el ligamento periodontal y el cemento radicular. Seg\u00fan el grado de afectaci\u00f3n de los tejidos, las enfermedades de las enc\u00edas se clasifican en: Gingivitis: inflamaci\u00f3n de las enc\u00edas. Periodontitis (\u00abPiorrea\u00bb): estado de afectaci\u00f3n m\u00e1s avanzado que la gingivitis. Afecta a la enc\u00eda, el ligamento periodontal, el hueso alveolar y el cemento. La causa principal es la inflamaci\u00f3n causada por bacterias. Produce una destrucci\u00f3n de los tejidos m\u00e1s profundos como son el hueso y el ligamento periodontal. Raramente produce dolor, por tanto, frecuentemente pasa desapercibida.[\/vc_column_text][vc_single_image image=\u00bb882&#8243; img_size=\u00bbfull\u00bb alignment=\u00bbcenter\u00bb][\/vc_column][vc_column width=\u00bb1\/6&#8243;][\/vc_column][\/vc_row][vc_row][vc_column width=\u00bb1\/6&#8243;][\/vc_column][vc_column width=\u00bb2\/3&#8243; css=\u00bb.vc_custom_1488963965750{margin-bottom: 60px !important;}\u00bb][vc_column_text css=\u00bb.vc_custom_1688123857904{margin-bottom: 16px !important;}\u00bb]La gingivitis causa: Enrojecimiento de las enc\u00edas. Sangrado espont\u00e1neo. Sangrado al cepillarse los dientes. la evoluci\u00f3n de la gingivitis deriva en periodontitis, causando: movilidad y\/o separaci\u00f3n de los dientes, aparici\u00f3n de recesiones gingivales, malestar de las enc\u00edas, halitosis, sensaci\u00f3n de dientes largos as\u00ed como aparici\u00f3n de abscesos. La evoluci\u00f3n de la periodontitis puede ser lenta o r\u00e1pida. Lo evidente es que si no se trata a tiempo, la enfermedad avanza, causando la destrucci\u00f3n de los tejidos y consecuentemente la p\u00e9rdida del diente.[\/vc_column_text][\/vc_column][vc_column width=\u00bb1\/6&#8243;][\/vc_column][\/vc_row][vc_row][vc_column width=\u00bb1\/6&#8243;][\/vc_column][vc_column width=\u00bb4\/6&#8243;][vc_column_text] La gingivitis afecta a un 75% de los j\u00f3venes de entre 20 y 25 a\u00f1os. Por el contrario, la periodontitis predomina en la edad adulta y suele manifestarse a partir de los 30 a\u00f1os. Adem\u00e1s aumenta con la edad y es la causa principal de p\u00e9rdida de dientes en adultos. Raramente aparece en j\u00f3venes salvo en ocasiones en que la enfermedad es muy agresiva. [\/vc_column_text][vc_single_image image=\u00bb891&#8243; img_size=\u00bbfull\u00bb alignment=\u00bbcenter\u00bb][\/vc_column][vc_column width=\u00bb1\/6&#8243;][\/vc_column][\/vc_row][vc_row][vc_column width=\u00bb1\/6&#8243;][\/vc_column][vc_column width=\u00bb4\/6&#8243;][vc_row_inner][vc_column_inner width=\u00bb1\/2&#8243;][vc_column_text] Varios estudios cient\u00edficos han demostrado que los pacientes diab\u00e9ticos tienen 4,2 veces m\u00e1s posibilidades de desarrollar enfermedad periodontal respecto a los no diab\u00e9ticos. Adem\u00e1s, sugieren que una enfermedad periodontal no controlada puede empeorar la evoluci\u00f3n de la diabetes (influye en el control de la glucemia del paciente). Adem\u00e1s, dado que las enfermedades periodontales pueden pasar desapercibidas, el paciente diab\u00e9tico puede estar descontrolado sin tener conocimiento. Por tanto, es conveniente que el paciente diab\u00e9tico vaya a hacerse revisiones al dentista peri\u00f3dicamente para detectar este tipo de patolog\u00edas y tratar y\/o controlarlas, en su caso. La relaci\u00f3n entre diabetes y periodontitis suele ser en ambos sentidos. El adecuado control de una patolog\u00eda y otra puede mejorar el pron\u00f3stico y la tendencia a complicaciones. [\/vc_column_text][\/vc_column_inner][vc_column_inner width=\u00bb1\/2&#8243;][vc_column_text] El efecto del tabaco en las enc\u00edas (aparte de tinciones en los dientes y mal aliento), provoca un menor aporte de sangre a los tejidos (vasoconstricci\u00f3n) y, adem\u00e1s, disminuye el mecanismo de defensa de las enc\u00edas contra las bacterias. Consecuentemente, enmascara el sangrado de las enc\u00edas, enga\u00f1\u00e1ndonos de modo que no nos parece estar inflamadas. Numerosos estudios han demostrado que la respuesta al tratamiento periodontal es peor en fumadores a corto y largo plazo. Por eso es de gran utilidad tener en cuenta que el abandono del h\u00e1bito tab\u00e1quico supondr\u00e1 un punto a favor del tratamiento periodontal y mantenimiento de los dientes a largo plazo. [\/vc_column_text][\/vc_column_inner][\/vc_row_inner][\/vc_column][vc_column width=\u00bb1\/6&#8243;][\/vc_column][\/vc_row][vc_row][vc_column][\/vc_column][\/vc_row][vc_row][\/vc_row][vc_row][vc_column][vc_column_text] [\/vc_column_text][\/vc_column][\/vc_row]<\/p>\n","protected":false},"author":1,"featured_media":1162,"parent":0,"menu_order":0,"comment_status":"closed","ping_status":"closed","template":"","meta":{"rs_blank_template":"","rs_page_bg_color":"","slide_template_v7":"","footnotes":""},"class_list":["post-1452","page","type-page","status-publish","has-post-thumbnail","hentry","entry","post-inner"],"_links":{"self":[{"href":"https:\/\/www.odontologiacampistol.com\/es\/wp-json\/wp\/v2\/pages\/1452","targetHints":{"allow":["GET"]}}],"collection":[{"href":"https:\/\/www.odontologiacampistol.com\/es\/wp-json\/wp\/v2\/pages"}],"about":[{"href":"https:\/\/www.odontologiacampistol.com\/es\/wp-json\/wp\/v2\/types\/page"}],"author":[{"embeddable":true,"href":"https:\/\/www.odontologiacampistol.com\/es\/wp-json\/wp\/v2\/users\/1"}],"replies":[{"embeddable":true,"href":"https:\/\/www.odontologiacampistol.com\/es\/wp-json\/wp\/v2\/comments?post=1452"}],"version-history":[{"count":4,"href":"https:\/\/www.odontologiacampistol.com\/es\/wp-json\/wp\/v2\/pages\/1452\/revisions"}],"predecessor-version":[{"id":1793,"href":"https:\/\/www.odontologiacampistol.com\/es\/wp-json\/wp\/v2\/pages\/1452\/revisions\/1793"}],"wp:featuredmedia":[{"embeddable":true,"href":"https:\/\/www.odontologiacampistol.com\/es\/wp-json\/wp\/v2\/media\/1162"}],"wp:attachment":[{"href":"https:\/\/www.odontologiacampistol.com\/es\/wp-json\/wp\/v2\/media?parent=1452"}],"curies":[{"name":"wp","href":"https:\/\/api.w.org\/{rel}","templated":true}]}}