{"id":1446,"date":"2017-02-16T08:48:07","date_gmt":"2017-02-16T08:48:07","guid":{"rendered":"https:\/\/www.odontologiacampistol.com\/implantologia\/"},"modified":"2023-06-30T10:51:16","modified_gmt":"2023-06-30T10:51:16","slug":"implantologia","status":"publish","type":"page","link":"https:\/\/www.odontologiacampistol.com\/es\/implantologia\/","title":{"rendered":"Implantolog\u00eda"},"content":{"rendered":"[vc_row full_width=\u00bbstretch_row_content_no_spaces\u00bb css=\u00bb.vc_custom_1490945859722{margin-top: 0px !important;margin-right: 0px !important;margin-bottom: 0px !important;margin-left: 0px !important;padding-top: 0px !important;padding-right: 0px !important;padding-bottom: 0px !important;padding-left: 0px !important;}\u00bb][vc_column css=\u00bb.vc_custom_1490946116934{margin-top: 0px !important;margin-right: 0px !important;margin-bottom: 0px !important;margin-left: 0px !important;padding-top: 0px !important;padding-right: 0px !important;padding-bottom: 0px !important;padding-left: 0px !important;background-color: #e5e2dc !important;background-position: center !important;background-repeat: no-repeat !important;background-size: cover !important;}\u00bb][vc_single_image image=\u00bb861&#8243; img_size=\u00bbfull\u00bb alignment=\u00bbcenter\u00bb css=\u00bb.vc_custom_1490947022920{margin-right: 0px !important;margin-bottom: 0px !important;margin-left: 0px !important;padding-right: 0px !important;padding-bottom: 0px !important;padding-left: 0px !important;}\u00bb][\/vc_column][\/vc_row][vc_row][vc_column]<div class=\"ult-spacer spacer-69dea94975e51\" data-id=\"69dea94975e51\" data-height=\"55\" data-height-mobile=\"55\" data-height-tab=\"55\" data-height-tab-portrait=\"\" data-height-mobile-landscape=\"\" style=\"clear:both;display:block;\"><\/div>[vc_single_image image=\u00bb186&#8243; img_size=\u00bbfull\u00bb alignment=\u00bbcenter\u00bb css_animation=\u00bbappear\u00bb][\/vc_column][\/vc_row][vc_row][vc_column width=\u00bb1\/4&#8243;][\/vc_column][vc_column width=\u00bb1\/2&#8243;]<div id=\"ultimate-heading-469269dea94975f01\" class=\"uvc-heading ult-adjust-bottom-margin ultimate-heading-469269dea94975f01 uvc-2136 \" data-hspacer=\"no_spacer\"  data-halign=\"center\" style=\"text-align:center\"><div class=\"uvc-heading-spacer no_spacer\" style=\"top\"><\/div><div class=\"uvc-main-heading ult-responsive\"  data-ultimate-target='.uvc-heading.ultimate-heading-469269dea94975f01 h1'  data-responsive-json-new='{\"font-size\":\"\",\"line-height\":\"\"}' ><h1 style=\"font-family:&#039;Prata&#039;;font-weight:normal;margin-bottom:30px;\">Implantolog\u00eda: Implantaci\u00f3n dental<\/h1><\/div><\/div>[\/vc_column][vc_column width=\u00bb1\/4&#8243;][\/vc_column][\/vc_row][vc_row][vc_column width=\u00bb1\/6&#8243;][\/vc_column][vc_column width=\u00bb4\/6&#8243;][vc_column_text]La implantolog\u00eda oral es la especialidad de la odontolog\u00eda que se ocupa del estudio de materiales alopl\u00e1sticos para rehabilitar la p\u00e9rdida dentaria de los maxilares.<\/p>\n<p>Su objetivo es <strong>sustituir dientes perdidos<\/strong> mediante la colocaci\u00f3n de uno o m\u00e1s implantes dentales en el hueso maxilar del paciente.<\/p>\n<p>Los implantes dentales son fabricados con titanio, un material muy biocompatible con el ser humano, permitiendo la osteointegraci\u00f3n con el hueso del paciente. Tienen distintas longitudes y di\u00e1metros, adecuados para cada caso seg\u00fan el diagn\u00f3stico y el criterio del dentista.<\/p>\n<p>Posteriormente a su colocaci\u00f3n y con el tiempo de cicatrizaci\u00f3n pertinente, se procede a restaurar los dientes perdidos mediante pr\u00f3tesis.<\/p>\n<p style=\"text-align: right;\"><em><span style=\"color: #3d3838;\">Dr.\u00a0Francesc \u00c1lvarez<\/span><\/em><\/p>\n[\/vc_column_text][\/vc_column][vc_column width=\u00bb1\/6&#8243;][\/vc_column][\/vc_row][vc_row][vc_column width=\u00bb1\/6&#8243;][\/vc_column][vc_column width=\u00bb2\/3&#8243; css=\u00bb.vc_custom_1489738834775{margin-bottom: 45px !important;}\u00bb]<div id=\"ultimate-heading-792369dea94975fbc\" class=\"uvc-heading ult-adjust-bottom-margin ultimate-heading-792369dea94975fbc uvc-792 \" data-hspacer=\"no_spacer\"  data-halign=\"center\" style=\"text-align:center\"><div class=\"uvc-heading-spacer no_spacer\" style=\"top\"><\/div><div class=\"uvc-main-heading ult-responsive\"  data-ultimate-target='.uvc-heading.ultimate-heading-792369dea94975fbc h2'  data-responsive-json-new='{\"font-size\":\"desktop:20px;\",\"line-height\":\"\"}' ><h2 style=\"font-family:&#039;Prata&#039;;font-weight:normal;color:#968872;margin-top:0px;margin-bottom:20px;\">\u00bfQu\u00e9 son los implantes dentales?<\/h2><\/div><\/div>[vc_row_inner][vc_column_inner width=\u00bb1\/2&#8243;][vc_column_text css=\u00bb.vc_custom_1688121684640{margin-bottom: 16px !important;}\u00bb]\n<p align=\"justify\">El implante dental es un tornillo fabricado con titanio puro que ha sido sometido a un tratamiento especial en su superficie para garantizar la osteointegraci\u00f3n en el hueso. Se trata de una pr\u00f3tesis m\u00e9dica biocompatible, apta para ser implantada en el cuerpo humano y, por tanto, sometida a los m\u00e1s severos controles sanitarios desde su fabricaci\u00f3n hasta la colocaci\u00f3n al paciente.<\/p>\n[\/vc_column_text][\/vc_column_inner][vc_column_inner width=\u00bb1\/2&#8243;][vc_column_text css=\u00bb.vc_custom_1490345294365{margin-bottom: 16px !important;}\u00bb]\n<p align=\"justify\">Es una pieza de alta precisi\u00f3n, dise\u00f1ada para resistir fuerzas muy considerables, como las realizadas por los maxilares en el proceso de masticaci\u00f3n. Esta pieza debe reunir unas condiciones de mecanizaci\u00f3n perfectas en cuanto al ajuste de su cabeza con las piezas prot\u00e9sicas que deben colocarse encima, de modo que no exista ning\u00fan tipo de holgura entre ellas.<\/p>\n[\/vc_column_text][\/vc_column_inner][\/vc_row_inner][vc_column_text]\n<p align=\"justify\">Por todos estos motivos, <strong>es importante trabajar con implantes dentales de reconocida calidad.<\/strong><\/p>\n<p>Una pieza dental restaurada con un implante se compone de tres partes: el tornillo, el conector y la corona o funda.[\/vc_column_text][\/vc_column][vc_column width=\u00bb1\/6&#8243;][\/vc_column][\/vc_row][vc_row][vc_column width=\u00bb1\/6&#8243;][\/vc_column][vc_column width=\u00bb4\/6&#8243;]<div id=\"ultimate-heading-118669dea94976049\" class=\"uvc-heading ult-adjust-bottom-margin ultimate-heading-118669dea94976049 uvc-5543 \" data-hspacer=\"no_spacer\"  data-halign=\"center\" style=\"text-align:center\"><div class=\"uvc-heading-spacer no_spacer\" style=\"top\"><\/div><div class=\"uvc-main-heading ult-responsive\"  data-ultimate-target='.uvc-heading.ultimate-heading-118669dea94976049 h2'  data-responsive-json-new='{\"font-size\":\"desktop:20px;\",\"line-height\":\"\"}' ><h2 style=\"font-family:&#039;Prata&#039;;font-weight:normal;color:#968872;margin-top:0px;margin-bottom:20px;\">Diferentes tipos y tama\u00f1os de implantes dentales<\/h2><\/div><\/div>[vc_column_text]Existen muchos tipos distintos de implantes dentales.<\/p>\n<p>En cuanto al material, podemos distinguirlos en implantes dentales de titanio de superficie lisa o superficie rugosa, seg\u00fan el tipo de tratamiento de superficie que hayan recibido. Antes, todos los implantes dentales eran de tipo liso, pero en la actualidad existen estudios que demuestran que los implantes del tipo rugoso son de mayor calidad y permiten una osteointegraci\u00f3n m\u00e1s r\u00e1pida.<\/p>\n<p>Por otro lado, podemos clasificarlos en implantes dentales de hex\u00e1gono interno o de hex\u00e1gono externo en funci\u00f3n del mecanismo antirotatorio utilizado. En la implantaci\u00f3n dental actual, la t\u00e9cnica m\u00e1s recomendada es la combinaci\u00f3n del hex\u00e1gono interno y el cono, que permite realizar una pr\u00f3tesis m\u00e1s estable en el tiempo y nos ofrece m\u00e1s posibilidades est\u00e9ticas en la rehabilitaci\u00f3n prot\u00e9sica.[\/vc_column_text][vc_single_image image=\u00bb868&#8243; img_size=\u00bbfull\u00bb alignment=\u00bbcenter\u00bb][vc_column_text]\n<p align=\"justify\">Finalmente, seg\u00fan el dise\u00f1o existen implantes dentales autorroscantes e implantes dentales que no lo son. El primero ofrece una mayor estabilidad primaria y facilidad de colocaci\u00f3n y reduce considerablemente la posibilidad de recalentamiento del hueso durante la cirug\u00eda.<\/p>\n<p>En definitiva, en la actualidad la implantolog\u00eda es una disciplina en constante evoluci\u00f3n. Con t<strong>\u00e9cnicas cada vez m\u00e1s r\u00e1pidas, predecibles y m\u00ednimamente invasivas<\/strong>, y en combinaci\u00f3n con los \u00faltimos <a href=\"https:\/\/www.odontologiacampistol.com\/itero-avantatges-de-la-tecnologia-en-lodontologia\/\" target=\"_blank\" rel=\"noopener\">avances tecnol\u00f3gico<\/a>s, la implantaci\u00f3n dental se convierte en una soluci\u00f3n cada vez m\u00e1s precisa, \u00e1gil y eficiente.[\/vc_column_text][\/vc_column][vc_column width=\u00bb1\/6&#8243;][\/vc_column][\/vc_row][vc_row][vc_column]<div class=\"ult-spacer spacer-69dea949760df\" data-id=\"69dea949760df\" data-height=\"100\" data-height-mobile=\"100\" data-height-tab=\"100\" data-height-tab-portrait=\"\" data-height-mobile-landscape=\"\" style=\"clear:both;display:block;\"><\/div>[\/vc_column][\/vc_row]\n","protected":false},"excerpt":{"rendered":"<p>[vc_row full_width=\u00bbstretch_row_content_no_spaces\u00bb css=\u00bb.vc_custom_1490945859722{margin-top: 0px !important;margin-right: 0px !important;margin-bottom: 0px !important;margin-left: 0px !important;padding-top: 0px !important;padding-right: 0px !important;padding-bottom: 0px !important;padding-left: 0px !important;}\u00bb][vc_column css=\u00bb.vc_custom_1490946116934{margin-top: 0px !important;margin-right: 0px !important;margin-bottom: 0px !important;margin-left: 0px !important;padding-top: 0px !important;padding-right: 0px !important;padding-bottom: 0px !important;padding-left: 0px !important;background-color: #e5e2dc !important;background-position: center !important;background-repeat: no-repeat !important;background-size: cover !important;}\u00bb][vc_single_image image=\u00bb861&#8243; img_size=\u00bbfull\u00bb alignment=\u00bbcenter\u00bb css=\u00bb.vc_custom_1490947022920{margin-right: 0px !important;margin-bottom: 0px !important;margin-left: 0px !important;padding-right: 0px !important;padding-bottom: 0px !important;padding-left: 0px !important;}\u00bb][\/vc_column][\/vc_row][vc_row][vc_column][vc_single_image image=\u00bb186&#8243; img_size=\u00bbfull\u00bb alignment=\u00bbcenter\u00bb css_animation=\u00bbappear\u00bb][\/vc_column][\/vc_row][vc_row][vc_column width=\u00bb1\/4&#8243;][\/vc_column][vc_column width=\u00bb1\/2&#8243;][\/vc_column][vc_column width=\u00bb1\/4&#8243;][\/vc_column][\/vc_row][vc_row][vc_column width=\u00bb1\/6&#8243;][\/vc_column][vc_column width=\u00bb4\/6&#8243;][vc_column_text]La implantolog\u00eda oral es la especialidad de la odontolog\u00eda que se ocupa del estudio de materiales alopl\u00e1sticos para rehabilitar la p\u00e9rdida dentaria de los maxilares. Su objetivo es sustituir dientes perdidos mediante la colocaci\u00f3n de uno o m\u00e1s implantes dentales en el hueso maxilar del paciente. Los implantes dentales son fabricados con titanio, un material muy biocompatible con el ser humano, permitiendo la osteointegraci\u00f3n con el hueso del paciente. Tienen distintas longitudes y di\u00e1metros, adecuados para cada caso seg\u00fan el diagn\u00f3stico y el criterio del dentista. Posteriormente a su colocaci\u00f3n y con el tiempo de cicatrizaci\u00f3n pertinente, se procede a restaurar los dientes perdidos mediante pr\u00f3tesis. Dr.\u00a0Francesc \u00c1lvarez [\/vc_column_text][\/vc_column][vc_column width=\u00bb1\/6&#8243;][\/vc_column][\/vc_row][vc_row][vc_column width=\u00bb1\/6&#8243;][\/vc_column][vc_column width=\u00bb2\/3&#8243; css=\u00bb.vc_custom_1489738834775{margin-bottom: 45px !important;}\u00bb][vc_row_inner][vc_column_inner width=\u00bb1\/2&#8243;][vc_column_text css=\u00bb.vc_custom_1688121684640{margin-bottom: 16px !important;}\u00bb] El implante dental es un tornillo fabricado con titanio puro que ha sido sometido a un tratamiento especial en su superficie para garantizar la osteointegraci\u00f3n en el hueso. Se trata de una pr\u00f3tesis m\u00e9dica biocompatible, apta para ser implantada en el cuerpo humano y, por tanto, sometida a los m\u00e1s severos controles sanitarios desde su fabricaci\u00f3n hasta la colocaci\u00f3n al paciente. [\/vc_column_text][\/vc_column_inner][vc_column_inner width=\u00bb1\/2&#8243;][vc_column_text css=\u00bb.vc_custom_1490345294365{margin-bottom: 16px !important;}\u00bb] Es una pieza de alta precisi\u00f3n, dise\u00f1ada para resistir fuerzas muy considerables, como las realizadas por los maxilares en el proceso de masticaci\u00f3n. Esta pieza debe reunir unas condiciones de mecanizaci\u00f3n perfectas en cuanto al ajuste de su cabeza con las piezas prot\u00e9sicas que deben colocarse encima, de modo que no exista ning\u00fan tipo de holgura entre ellas. [\/vc_column_text][\/vc_column_inner][\/vc_row_inner][vc_column_text] Por todos estos motivos, es importante trabajar con implantes dentales de reconocida calidad. Una pieza dental restaurada con un implante se compone de tres partes: el tornillo, el conector y la corona o funda.[\/vc_column_text][\/vc_column][vc_column width=\u00bb1\/6&#8243;][\/vc_column][\/vc_row][vc_row][vc_column width=\u00bb1\/6&#8243;][\/vc_column][vc_column width=\u00bb4\/6&#8243;][vc_column_text]Existen muchos tipos distintos de implantes dentales. En cuanto al material, podemos distinguirlos en implantes dentales de titanio de superficie lisa o superficie rugosa, seg\u00fan el tipo de tratamiento de superficie que hayan recibido. Antes, todos los implantes dentales eran de tipo liso, pero en la actualidad existen estudios que demuestran que los implantes del tipo rugoso son de mayor calidad y permiten una osteointegraci\u00f3n m\u00e1s r\u00e1pida. Por otro lado, podemos clasificarlos en implantes dentales de hex\u00e1gono interno o de hex\u00e1gono externo en funci\u00f3n del mecanismo antirotatorio utilizado. En la implantaci\u00f3n dental actual, la t\u00e9cnica m\u00e1s recomendada es la combinaci\u00f3n del hex\u00e1gono interno y el cono, que permite realizar una pr\u00f3tesis m\u00e1s estable en el tiempo y nos ofrece m\u00e1s posibilidades est\u00e9ticas en la rehabilitaci\u00f3n prot\u00e9sica.[\/vc_column_text][vc_single_image image=\u00bb868&#8243; img_size=\u00bbfull\u00bb alignment=\u00bbcenter\u00bb][vc_column_text] Finalmente, seg\u00fan el dise\u00f1o existen implantes dentales autorroscantes e implantes dentales que no lo son. El primero ofrece una mayor estabilidad primaria y facilidad de colocaci\u00f3n y reduce considerablemente la posibilidad de recalentamiento del hueso durante la cirug\u00eda. En definitiva, en la actualidad la implantolog\u00eda es una disciplina en constante evoluci\u00f3n. Con t\u00e9cnicas cada vez m\u00e1s r\u00e1pidas, predecibles y m\u00ednimamente invasivas, y en combinaci\u00f3n con los \u00faltimos avances tecnol\u00f3gicos, la implantaci\u00f3n dental se convierte en una soluci\u00f3n cada vez m\u00e1s precisa, \u00e1gil y eficiente.[\/vc_column_text][\/vc_column][vc_column width=\u00bb1\/6&#8243;][\/vc_column][\/vc_row][vc_row][vc_column][\/vc_column][\/vc_row]<\/p>\n","protected":false},"author":1,"featured_media":868,"parent":0,"menu_order":0,"comment_status":"closed","ping_status":"closed","template":"","meta":{"rs_blank_template":"","rs_page_bg_color":"","slide_template_v7":"","footnotes":""},"class_list":["post-1446","page","type-page","status-publish","has-post-thumbnail","hentry","entry","post-inner"],"_links":{"self":[{"href":"https:\/\/www.odontologiacampistol.com\/es\/wp-json\/wp\/v2\/pages\/1446","targetHints":{"allow":["GET"]}}],"collection":[{"href":"https:\/\/www.odontologiacampistol.com\/es\/wp-json\/wp\/v2\/pages"}],"about":[{"href":"https:\/\/www.odontologiacampistol.com\/es\/wp-json\/wp\/v2\/types\/page"}],"author":[{"embeddable":true,"href":"https:\/\/www.odontologiacampistol.com\/es\/wp-json\/wp\/v2\/users\/1"}],"replies":[{"embeddable":true,"href":"https:\/\/www.odontologiacampistol.com\/es\/wp-json\/wp\/v2\/comments?post=1446"}],"version-history":[{"count":6,"href":"https:\/\/www.odontologiacampistol.com\/es\/wp-json\/wp\/v2\/pages\/1446\/revisions"}],"predecessor-version":[{"id":1791,"href":"https:\/\/www.odontologiacampistol.com\/es\/wp-json\/wp\/v2\/pages\/1446\/revisions\/1791"}],"wp:featuredmedia":[{"embeddable":true,"href":"https:\/\/www.odontologiacampistol.com\/es\/wp-json\/wp\/v2\/media\/868"}],"wp:attachment":[{"href":"https:\/\/www.odontologiacampistol.com\/es\/wp-json\/wp\/v2\/media?parent=1446"}],"curies":[{"name":"wp","href":"https:\/\/api.w.org\/{rel}","templated":true}]}}