{"id":1437,"date":"2017-02-16T08:47:29","date_gmt":"2017-02-16T08:47:29","guid":{"rendered":"https:\/\/www.odontologiacampistol.com\/estetica-dental\/"},"modified":"2023-06-30T08:51:14","modified_gmt":"2023-06-30T08:51:14","slug":"estetica-dental","status":"publish","type":"page","link":"https:\/\/www.odontologiacampistol.com\/es\/estetica-dental\/","title":{"rendered":"Est\u00e9tica dental"},"content":{"rendered":"[vc_row full_width=\u00bbstretch_row_content_no_spaces\u00bb css=\u00bb.vc_custom_1490945859722{margin-top: 0px !important;margin-right: 0px !important;margin-bottom: 0px !important;margin-left: 0px !important;padding-top: 0px !important;padding-right: 0px !important;padding-bottom: 0px !important;padding-left: 0px !important;}\u00bb][vc_column css=\u00bb.vc_custom_1490946116934{margin-top: 0px !important;margin-right: 0px !important;margin-bottom: 0px !important;margin-left: 0px !important;padding-top: 0px !important;padding-right: 0px !important;padding-bottom: 0px !important;padding-left: 0px !important;background-color: #e5e2dc !important;background-position: center !important;background-repeat: no-repeat !important;background-size: cover !important;}\u00bb][vc_single_image image=\u00bb905&#8243; img_size=\u00bbfull\u00bb alignment=\u00bbcenter\u00bb css=\u00bb.vc_custom_1490947088248{margin-right: 0px !important;margin-bottom: 0px !important;margin-left: 0px !important;padding-right: 0px !important;padding-bottom: 0px !important;padding-left: 0px !important;}\u00bb][\/vc_column][\/vc_row][vc_row][vc_column]<div class=\"ult-spacer spacer-69eb49c6d490e\" data-id=\"69eb49c6d490e\" data-height=\"55\" data-height-mobile=\"55\" data-height-tab=\"55\" data-height-tab-portrait=\"\" data-height-mobile-landscape=\"\" style=\"clear:both;display:block;\"><\/div>[vc_single_image image=\u00bb186&#8243; img_size=\u00bbfull\u00bb alignment=\u00bbcenter\u00bb css_animation=\u00bbappear\u00bb][\/vc_column][\/vc_row][vc_row][vc_column width=\u00bb1\/4&#8243;][\/vc_column][vc_column width=\u00bb1\/2&#8243;]<div id=\"ultimate-heading-594369eb49c6d49ef\" class=\"uvc-heading ult-adjust-bottom-margin ultimate-heading-594369eb49c6d49ef uvc-771 \" data-hspacer=\"no_spacer\"  data-halign=\"center\" style=\"text-align:center\"><div class=\"uvc-heading-spacer no_spacer\" style=\"top\"><\/div><div class=\"uvc-main-heading ult-responsive\"  data-ultimate-target='.uvc-heading.ultimate-heading-594369eb49c6d49ef h2'  data-responsive-json-new='{\"font-size\":\"\",\"line-height\":\"\"}' ><h2 style=\"font-family:&#039;Prata&#039;;font-weight:normal;margin-bottom:30px;\">Est\u00e9tica dental<\/h2><\/div><\/div>[\/vc_column][vc_column width=\u00bb1\/4&#8243;][\/vc_column][\/vc_row][vc_row][vc_column width=\u00bb1\/6&#8243;][\/vc_column][vc_column width=\u00bb4\/6&#8243;][vc_column_text]La odontolog\u00eda est\u00e9tica es una especialidad dentro de la odontolog\u00eda que soluciona <strong>problemas relacionados con la salud bucal y la armon\u00eda est\u00e9tica.<\/strong><\/p>\n<p>Este tipo de tratamientos presentan cambios visibles normalmente en pocas sesiones. Se pueden arreglar asimetr\u00edas dentales, cerrar diastemas interincisales y realizar cambios en la coloraci\u00f3n (blanqueamiento dental), entre otros.<\/p>\n<p>Dentro del campo de la est\u00e9tica existe la odontolog\u00eda m\u00ednimamente invasiva, la cual consiste en realizar un tipo de restauraciones est\u00e9ticas sin la necesidad de tocar nuestros dientes totalmente sanos.[\/vc_column_text][\/vc_column][vc_column width=\u00bb1\/6&#8243;][\/vc_column][\/vc_row][vc_row][vc_column width=\u00bb1\/6&#8243;][\/vc_column][vc_column width=\u00bb2\/3&#8243; css=\u00bb.vc_custom_1488963965750{margin-bottom: 60px !important;}\u00bb]<div class=\"ult-spacer spacer-69eb49c6d4af0\" data-id=\"69eb49c6d4af0\" data-height=\"30\" data-height-mobile=\"10\" data-height-tab=\"20\" data-height-tab-portrait=\"20\" data-height-mobile-landscape=\"10\" style=\"clear:both;display:block;\"><\/div><div id=\"ultimate-heading-148169eb49c6d4b8e\" class=\"uvc-heading ult-adjust-bottom-margin ultimate-heading-148169eb49c6d4b8e uvc-4201 \" data-hspacer=\"no_spacer\"  data-halign=\"center\" style=\"text-align:center\"><div class=\"uvc-heading-spacer no_spacer\" style=\"top\"><\/div><div class=\"uvc-sub-heading ult-responsive\"  data-ultimate-target='.uvc-heading.ultimate-heading-148169eb49c6d4b8e .uvc-sub-heading '  data-responsive-json-new='{\"font-size\":\"desktop:20px;\",\"line-height\":\"\"}'  style=\"font-family:&#039;Prata&#039;;font-weight:normal;color:#968872;margin-bottom:20px;\">Tipos de tratamientos<\/div><\/div>[vc_column_text css=\u00bb.vc_custom_1688114303065{margin-bottom: 16px !important;}\u00bb]\n<p align=\"justify\">En Odontologia Campistol realizamos m\u00faltiples tratamientos de est\u00e9tica ontol\u00f3gica, dependiendo de las necesidades espec\u00edficas de cada paciente y de los resultados que quiere conseguir, propondremos las soluciones est\u00e9ticas y t\u00e9cnicas de aplicaci\u00f3n m\u00e1s adecuadas para cada caso.<\/p>\n<p>Los <strong>tratamientos de est\u00e9tica dental m\u00e1s comunes<\/strong> y solicitados son:<\/p>\n[\/vc_column_text]<div id=\"ultimate-heading-324569eb49c6d4c7a\" class=\"uvc-heading ult-adjust-bottom-margin ultimate-heading-324569eb49c6d4c7a uvc-590 \" data-hspacer=\"no_spacer\"  data-halign=\"center\" style=\"text-align:center\"><div class=\"uvc-heading-spacer no_spacer\" style=\"top\"><\/div><div class=\"uvc-main-heading ult-responsive\"  data-ultimate-target='.uvc-heading.ultimate-heading-324569eb49c6d4c7a h3'  data-responsive-json-new='{\"font-size\":\"desktop:16px;\",\"line-height\":\"\"}' ><h3 style=\"font-family:&#039;Prata&#039;;font-weight:normal;color:#968872;margin-top:0px;margin-bottom:20px;\">Blanqueamiento dental<\/h3><\/div><\/div>[vc_column_text css=\u00bb.vc_custom_1688114502487{margin-bottom: 16px !important;}\u00bb]\n<p align=\"justify\">El blanqueamiento dental es uno de los tratamientos de odontolog\u00eda est\u00e9tica m\u00e1s solicitado. En la actualidad, se dispone de diferentes t\u00e9cnicas para conseguir una sonrisa m\u00e1s brillante y radiante, y dependiendo de cada caso se aplicar\u00e1 la t\u00e9cnica m\u00e1s adecuada y efectiva. El blanqueamiento dental puede eliminar las manchas y decoloraciones causadas por el consumo de caf\u00e9, t\u00e9, tabaco o el envejecimiento natural, d\u00e1ndote una nueva confianza en tu sonrisa.<\/p>\n[\/vc_column_text]<div id=\"ultimate-heading-580969eb49c6d4d39\" class=\"uvc-heading ult-adjust-bottom-margin ultimate-heading-580969eb49c6d4d39 uvc-3093 \" data-hspacer=\"no_spacer\"  data-halign=\"center\" style=\"text-align:center\"><div class=\"uvc-heading-spacer no_spacer\" style=\"top\"><\/div><div class=\"uvc-main-heading ult-responsive\"  data-ultimate-target='.uvc-heading.ultimate-heading-580969eb49c6d4d39 h3'  data-responsive-json-new='{\"font-size\":\"desktop:16px;\",\"line-height\":\"\"}' ><h3 style=\"font-family:&#039;Prata&#039;;font-weight:normal;color:#968872;margin-top:0px;margin-bottom:20px;\">Carillas dentales<\/h3><\/div><\/div>[vc_column_text css=\u00bb.vc_custom_1688114589066{margin-bottom: 16px !important;}\u00bb]\n<p align=\"justify\">Las carillas dentales tambi\u00e9n son uno de los tratamientos de odontolog\u00eda est\u00e9tica m\u00e1s solicitados en la actualidad. Con esta opci\u00f3n, es posible corregir malposiciones dentales, cortes u otras imperfecciones est\u00e9ticas de manera efectiva. Las carillas dentales son una soluci\u00f3n personalizada que ofrece una mejora est\u00e9tica significativa, proporcionando una sonrisa m\u00e1s atractiva y arm\u00f3nica.<\/p>\n[\/vc_column_text]<div id=\"ultimate-heading-268269eb49c6d4e20\" class=\"uvc-heading ult-adjust-bottom-margin ultimate-heading-268269eb49c6d4e20 uvc-2468 \" data-hspacer=\"no_spacer\"  data-halign=\"center\" style=\"text-align:center\"><div class=\"uvc-heading-spacer no_spacer\" style=\"top\"><\/div><div class=\"uvc-main-heading ult-responsive\"  data-ultimate-target='.uvc-heading.ultimate-heading-268269eb49c6d4e20 h3'  data-responsive-json-new='{\"font-size\":\"desktop:16px;\",\"line-height\":\"\"}' ><h3 style=\"font-family:&#039;Prata&#039;;font-weight:normal;color:#968872;margin-top:0px;margin-bottom:20px;\">Limpieza dental<\/h3><\/div><\/div>[vc_column_text css=\u00bb.vc_custom_1688114769608{margin-bottom: 16px !important;}\u00bb]\n<p align=\"justify\">La limpieza dental no solo es fundamental para una salud bucodental \u00f3ptima y la prevenci\u00f3n de <a href=\"http:\/\/odontologiacampistol.com\/quins-son-dels-principals-problemes-odontologics\/\" target=\"_blank\" rel=\"noopener\">problemas odontol\u00f3gicos<\/a>, sino que tambi\u00e9n ofrece beneficios est\u00e9ticos significativos. Con la limpieza dental profesional, podr\u00e1s lograr una sonrisa m\u00e1s brillante y atractiva. Mediante la eliminaci\u00f3n de la placa, las manchas y los residuos acumulados, tus dientes recuperar\u00e1n su color natural, luciendo m\u00e1s blancos y radiantes.<\/p>\n[\/vc_column_text][vc_single_image image=\u00bb919&#8243; img_size=\u00bbfull\u00bb alignment=\u00bbcenter\u00bb css=\u00bb.vc_custom_1490263029279{margin-top: 30px !important;margin-bottom: 45px !important;}\u00bb][vc_column_text css=\u00bb.vc_custom_1688115037506{margin-bottom: 16px !important;}\u00bb]\n<p align=\"justify\">Seg\u00fan el plan de tratamiento escogido se pueden realizar carillas dentales totalmente cer\u00e1micas con la ayuda del t\u00e9cnico de laboratorio. Tambi\u00e9n se pueden llevar a cabo tratamientos pr\u00e1cticamente inmediatos con la ayuda de los nuevos materiales de restauraci\u00f3n presentes en las cl\u00ednicas dentales.<\/p>\n[\/vc_column_text][vc_column_text css=\u00bb.vc_custom_1490344632040{margin-bottom: 16px !important;}\u00bb]\n<p align=\"justify\">En este tipo de tratamientos existe la posibilidad de que el paciente, mediante un estudio, pueda <strong>ver el resultado final del tratamiento antes<\/strong> de realizarlo.<\/p>\n[\/vc_column_text][\/vc_column][vc_column width=\u00bb1\/6&#8243;][\/vc_column][\/vc_row][vc_row][vc_column]<div class=\"ult-spacer spacer-69eb49c6d4edd\" data-id=\"69eb49c6d4edd\" data-height=\"100\" data-height-mobile=\"100\" data-height-tab=\"100\" data-height-tab-portrait=\"\" data-height-mobile-landscape=\"\" style=\"clear:both;display:block;\"><\/div>[\/vc_column][\/vc_row][vc_row][\/vc_row]\n","protected":false},"excerpt":{"rendered":"<p>[vc_row full_width=\u00bbstretch_row_content_no_spaces\u00bb css=\u00bb.vc_custom_1490945859722{margin-top: 0px !important;margin-right: 0px !important;margin-bottom: 0px !important;margin-left: 0px !important;padding-top: 0px !important;padding-right: 0px !important;padding-bottom: 0px !important;padding-left: 0px !important;}\u00bb][vc_column css=\u00bb.vc_custom_1490946116934{margin-top: 0px !important;margin-right: 0px !important;margin-bottom: 0px !important;margin-left: 0px !important;padding-top: 0px !important;padding-right: 0px !important;padding-bottom: 0px !important;padding-left: 0px !important;background-color: #e5e2dc !important;background-position: center !important;background-repeat: no-repeat !important;background-size: cover !important;}\u00bb][vc_single_image image=\u00bb905&#8243; img_size=\u00bbfull\u00bb alignment=\u00bbcenter\u00bb css=\u00bb.vc_custom_1490947088248{margin-right: 0px !important;margin-bottom: 0px !important;margin-left: 0px !important;padding-right: 0px !important;padding-bottom: 0px !important;padding-left: 0px !important;}\u00bb][\/vc_column][\/vc_row][vc_row][vc_column][vc_single_image image=\u00bb186&#8243; img_size=\u00bbfull\u00bb alignment=\u00bbcenter\u00bb css_animation=\u00bbappear\u00bb][\/vc_column][\/vc_row][vc_row][vc_column width=\u00bb1\/4&#8243;][\/vc_column][vc_column width=\u00bb1\/2&#8243;][\/vc_column][vc_column width=\u00bb1\/4&#8243;][\/vc_column][\/vc_row][vc_row][vc_column width=\u00bb1\/6&#8243;][\/vc_column][vc_column width=\u00bb4\/6&#8243;][vc_column_text]La odontolog\u00eda est\u00e9tica es una especialidad dentro de la odontolog\u00eda que soluciona problemas relacionados con la salud bucal y la armon\u00eda est\u00e9tica. Este tipo de tratamientos presentan cambios visibles normalmente en pocas sesiones. Se pueden arreglar asimetr\u00edas dentales, cerrar diastemas interincisales y realizar cambios en la coloraci\u00f3n (blanqueamiento dental), entre otros. Dentro del campo de la est\u00e9tica existe la odontolog\u00eda m\u00ednimamente invasiva, la cual consiste en realizar un tipo de restauraciones est\u00e9ticas sin la necesidad de tocar nuestros dientes totalmente sanos.[\/vc_column_text][\/vc_column][vc_column width=\u00bb1\/6&#8243;][\/vc_column][\/vc_row][vc_row][vc_column width=\u00bb1\/6&#8243;][\/vc_column][vc_column width=\u00bb2\/3&#8243; css=\u00bb.vc_custom_1488963965750{margin-bottom: 60px !important;}\u00bb][vc_column_text css=\u00bb.vc_custom_1688114303065{margin-bottom: 16px !important;}\u00bb] En Odontologia Campistol realizamos m\u00faltiples tratamientos de est\u00e9tica ontol\u00f3gica, dependiendo de las necesidades espec\u00edficas de cada paciente y de los resultados que quiere conseguir, propondremos las soluciones est\u00e9ticas y t\u00e9cnicas de aplicaci\u00f3n m\u00e1s adecuadas para cada caso. Los tratamientos de est\u00e9tica dental m\u00e1s comunes y solicitados son: [\/vc_column_text][vc_column_text css=\u00bb.vc_custom_1688114502487{margin-bottom: 16px !important;}\u00bb] El blanqueamiento dental es uno de los tratamientos de odontolog\u00eda est\u00e9tica m\u00e1s solicitado. En la actualidad, se dispone de diferentes t\u00e9cnicas para conseguir una sonrisa m\u00e1s brillante y radiante, y dependiendo de cada caso se aplicar\u00e1 la t\u00e9cnica m\u00e1s adecuada y efectiva. El blanqueamiento dental puede eliminar las manchas y decoloraciones causadas por el consumo de caf\u00e9, t\u00e9, tabaco o el envejecimiento natural, d\u00e1ndote una nueva confianza en tu sonrisa. [\/vc_column_text][vc_column_text css=\u00bb.vc_custom_1688114589066{margin-bottom: 16px !important;}\u00bb] Las carillas dentales tambi\u00e9n son uno de los tratamientos de odontolog\u00eda est\u00e9tica m\u00e1s solicitados en la actualidad. Con esta opci\u00f3n, es posible corregir malposiciones dentales, cortes u otras imperfecciones est\u00e9ticas de manera efectiva. Las carillas dentales son una soluci\u00f3n personalizada que ofrece una mejora est\u00e9tica significativa, proporcionando una sonrisa m\u00e1s atractiva y arm\u00f3nica. [\/vc_column_text][vc_column_text css=\u00bb.vc_custom_1688114769608{margin-bottom: 16px !important;}\u00bb] La limpieza dental no solo es fundamental para una salud bucodental \u00f3ptima y la prevenci\u00f3n de problemas odontol\u00f3gicos, sino que tambi\u00e9n ofrece beneficios est\u00e9ticos significativos. Con la limpieza dental profesional, podr\u00e1s lograr una sonrisa m\u00e1s brillante y atractiva. Mediante la eliminaci\u00f3n de la placa, las manchas y los residuos acumulados, tus dientes recuperar\u00e1n su color natural, luciendo m\u00e1s blancos y radiantes. [\/vc_column_text][vc_single_image image=\u00bb919&#8243; img_size=\u00bbfull\u00bb alignment=\u00bbcenter\u00bb css=\u00bb.vc_custom_1490263029279{margin-top: 30px !important;margin-bottom: 45px !important;}\u00bb][vc_column_text css=\u00bb.vc_custom_1688115037506{margin-bottom: 16px !important;}\u00bb] Seg\u00fan el plan de tratamiento escogido se pueden realizar carillas dentales totalmente cer\u00e1micas con la ayuda del t\u00e9cnico de laboratorio. Tambi\u00e9n se pueden llevar a cabo tratamientos pr\u00e1cticamente inmediatos con la ayuda de los nuevos materiales de restauraci\u00f3n presentes en las cl\u00ednicas dentales. [\/vc_column_text][vc_column_text css=\u00bb.vc_custom_1490344632040{margin-bottom: 16px !important;}\u00bb] En este tipo de tratamientos existe la posibilidad de que el paciente, mediante un estudio, pueda ver el resultado final del tratamiento antes de realizarlo. [\/vc_column_text][\/vc_column][vc_column width=\u00bb1\/6&#8243;][\/vc_column][\/vc_row][vc_row][vc_column][\/vc_column][\/vc_row][vc_row][\/vc_row]<\/p>\n","protected":false},"author":1,"featured_media":919,"parent":0,"menu_order":0,"comment_status":"closed","ping_status":"closed","template":"","meta":{"rs_blank_template":"","rs_page_bg_color":"","slide_template_v7":"","footnotes":""},"class_list":["post-1437","page","type-page","status-publish","has-post-thumbnail","hentry","entry","post-inner"],"_links":{"self":[{"href":"https:\/\/www.odontologiacampistol.com\/es\/wp-json\/wp\/v2\/pages\/1437","targetHints":{"allow":["GET"]}}],"collection":[{"href":"https:\/\/www.odontologiacampistol.com\/es\/wp-json\/wp\/v2\/pages"}],"about":[{"href":"https:\/\/www.odontologiacampistol.com\/es\/wp-json\/wp\/v2\/types\/page"}],"author":[{"embeddable":true,"href":"https:\/\/www.odontologiacampistol.com\/es\/wp-json\/wp\/v2\/users\/1"}],"replies":[{"embeddable":true,"href":"https:\/\/www.odontologiacampistol.com\/es\/wp-json\/wp\/v2\/comments?post=1437"}],"version-history":[{"count":5,"href":"https:\/\/www.odontologiacampistol.com\/es\/wp-json\/wp\/v2\/pages\/1437\/revisions"}],"predecessor-version":[{"id":1784,"href":"https:\/\/www.odontologiacampistol.com\/es\/wp-json\/wp\/v2\/pages\/1437\/revisions\/1784"}],"wp:featuredmedia":[{"embeddable":true,"href":"https:\/\/www.odontologiacampistol.com\/es\/wp-json\/wp\/v2\/media\/919"}],"wp:attachment":[{"href":"https:\/\/www.odontologiacampistol.com\/es\/wp-json\/wp\/v2\/media?parent=1437"}],"curies":[{"name":"wp","href":"https:\/\/api.w.org\/{rel}","templated":true}]}}